{"id":261,"date":"2017-05-29T13:40:31","date_gmt":"2017-05-29T13:40:31","guid":{"rendered":"http:\/\/www.artizsoler.com\/?page_id=261"},"modified":"2020-03-18T10:35:19","modified_gmt":"2020-03-18T10:35:19","slug":"contacto","status":"publish","type":"page","link":"https:\/\/www.artizsoler.com\/es\/contacto\/","title":{"rendered":"CONTACTO"},"content":{"rendered":"<div class=\"wpb-content-wrapper\">[vc_row css=\u00bb.vc_custom_1494582877256{margin-right: 0px !important;margin-bottom: 0px !important;margin-left: 0px !important;padding-right: 0px !important;padding-bottom: 0px !important;padding-left: 0px !important;background-color: #ffffff !important;background-position: center !important;background-repeat: no-repeat !important;background-size: contain !important;}\u00bb][vc_column css=\u00bb.vc_custom_1494582185869{margin-top: 0px !important;margin-bottom: 0px !important;padding-top: 0px !important;padding-bottom: 0px !important;}\u00bb][vc_single_image image=\u00bb263&#8243; img_size=\u00bbfull\u00bb alignment=\u00bbcenter\u00bb css=\u00bb.vc_custom_1494842017178{margin-top: 0px !important;margin-bottom: 0px !important;padding-top: 0px !important;padding-bottom: 0px !important;}\u00bb][\/vc_column][\/vc_row][vc_row equal_height=\u00bbyes\u00bb css=\u00bb.vc_custom_1494836907635{margin-top: 0px !important;margin-right: 0px !important;margin-left: 0px !important;padding-top: 0px !important;padding-right: 0px !important;padding-left: 0px !important;background-color: #ffffff !important;background-position: center !important;background-repeat: no-repeat !important;background-size: contain !important;}\u00bb][vc_column width=\u00bb11\/12&#8243;][vc_row_inner equal_height=\u00bbyes\u00bb css=\u00bb.vc_custom_1494836913268{margin-top: 0px !important;padding-top: 0px !important;}\u00bb][vc_column_inner el_class=\u00bbcntainer02&#8243; width=\u00bb1\/2&#8243; css=\u00bb.vc_custom_1494840382690{margin-top: 15px !important;}\u00bb]<div class=\"ult-spacer spacer-69e09b33ce9a3\" data-id=\"69e09b33ce9a3\" data-height=\"48\" data-height-mobile=\"48\" data-height-tab=\"48\" data-height-tab-portrait=\"\" data-height-mobile-landscape=\"\" style=\"clear:both;display:block;\"><\/div>[vc_single_image image=\u00bb279&#8243; img_size=\u00bbfull\u00bb alignment=\u00bbcenter\u00bb css=\u00bb.vc_custom_1494844968028{margin-top: 20px !important;margin-bottom: 20px !important;}\u00bb][vc_separator color=\u00bbblack\u00bb el_width=\u00bb20&#8243;]<div id=\"ultimate-heading-994669e09b33ceccb\" class=\"uvc-heading ult-adjust-bottom-margin ultimate-heading-994669e09b33ceccb uvc-5532 \" data-hspacer=\"icon_only\"  data-halign=\"center\" style=\"text-align:center\"><div class=\"uvc-heading-spacer icon_only\" style=\"margin-bottom:10px;\"><div class=\"ult-just-icon-wrapper  \"><div class=\"align-icon\" style=\"text-align:center;\">\n<div class=\"aio-icon none \"  style=\"color:#1b2d3e;font-size:28px;display:inline-block;\">\n\t<i class=\"Defaults-map-marker\"><\/i>\n<\/div><\/div><\/div><\/div><div class=\"uvc-sub-heading ult-responsive\"  data-ultimate-target='.uvc-heading.ultimate-heading-994669e09b33ceccb .uvc-sub-heading '  data-responsive-json-new='{\"font-size\":\"desktop:14px;\",\"line-height\":\"desktop:17px;\"}'  style=\"font-weight:normal;color:#0a0a0a;\">\n<p style=\"text-align: center;\">Gran V\u00eda Jaume I, 68, 1er piso<br \/>\n17001 Girona<\/p>\n<\/div><\/div><div class=\"ult-spacer spacer-69e09b33cedbb\" data-id=\"69e09b33cedbb\" data-height=\"32\" data-height-mobile=\"32\" data-height-tab=\"32\" data-height-tab-portrait=\"\" data-height-mobile-landscape=\"\" style=\"clear:both;display:block;\"><\/div><div id=\"ultimate-heading-928069e09b33ceecd\" class=\"uvc-heading ult-adjust-bottom-margin ultimate-heading-928069e09b33ceecd uvc-5012 \" data-hspacer=\"icon_only\"  data-halign=\"center\" style=\"text-align:center\"><div class=\"uvc-heading-spacer icon_only\" style=\"margin-bottom:10px;\"><div class=\"ult-just-icon-wrapper  \"><div class=\"align-icon\" style=\"text-align:center;\">\n<div class=\"aio-icon none \"  style=\"color:#1b2d3e;font-size:21px;display:inline-block;\">\n\t<i class=\"Defaults-phone\"><\/i>\n<\/div><\/div><\/div><\/div><div class=\"uvc-sub-heading ult-responsive\"  data-ultimate-target='.uvc-heading.ultimate-heading-928069e09b33ceecd .uvc-sub-heading '  data-responsive-json-new='{\"font-size\":\"desktop:14px;\",\"line-height\":\"desktop:17px;\"}'  style=\"font-weight:normal;color:#0a0a0a;\">\n<p style=\"text-align: center;\"><span style=\"color: #000000;\"><a style=\"color: #000000;\" href=\"tel:+34972205388\">Tel +34 972 205 388<\/a><\/span><\/p>\n<\/div><\/div><div class=\"ult-spacer spacer-69e09b33cef41\" data-id=\"69e09b33cef41\" data-height=\"32\" data-height-mobile=\"32\" data-height-tab=\"32\" data-height-tab-portrait=\"\" data-height-mobile-landscape=\"\" style=\"clear:both;display:block;\"><\/div><div id=\"ultimate-heading-440669e09b33cf063\" class=\"uvc-heading ult-adjust-bottom-margin ultimate-heading-440669e09b33cf063 uvc-5132 \" data-hspacer=\"icon_only\"  data-halign=\"center\" style=\"text-align:center\"><div class=\"uvc-heading-spacer icon_only\" style=\"margin-bottom:10px;\"><div class=\"ult-just-icon-wrapper  \"><div class=\"align-icon\" style=\"text-align:center;\">\n<div class=\"aio-icon none \"  style=\"color:#1b2d3e;font-size:21px;display:inline-block;\">\n\t<i class=\"Defaults-fax\"><\/i>\n<\/div><\/div><\/div><\/div><div class=\"uvc-sub-heading ult-responsive\"  data-ultimate-target='.uvc-heading.ultimate-heading-440669e09b33cf063 .uvc-sub-heading '  data-responsive-json-new='{\"font-size\":\"desktop:14px;\",\"line-height\":\"desktop:17px;\"}'  style=\"font-weight:normal;color:#0a0a0a;\">\n<p style=\"text-align: center;\">Fax\u00a0+34 972 224\u00a0754<\/p>\n<\/div><\/div><div class=\"ult-spacer spacer-69e09b33cf0c1\" data-id=\"69e09b33cf0c1\" data-height=\"32\" data-height-mobile=\"32\" data-height-tab=\"32\" data-height-tab-portrait=\"\" data-height-mobile-landscape=\"\" style=\"clear:both;display:block;\"><\/div><div id=\"ultimate-heading-533669e09b33cf1cf\" class=\"uvc-heading ult-adjust-bottom-margin ultimate-heading-533669e09b33cf1cf uvc-3493 \" data-hspacer=\"icon_only\"  data-halign=\"center\" style=\"text-align:center\"><div class=\"uvc-heading-spacer icon_only\" style=\"margin-bottom:10px;\"><div class=\"ult-just-icon-wrapper  \"><div class=\"align-icon\" style=\"text-align:center;\">\n<div class=\"aio-icon none \"  style=\"color:#1b2d3e;font-size:21px;display:inline-block;\">\n\t<i class=\"Defaults-envelope\"><\/i>\n<\/div><\/div><\/div><\/div><div class=\"uvc-sub-heading ult-responsive\"  data-ultimate-target='.uvc-heading.ultimate-heading-533669e09b33cf1cf .uvc-sub-heading '  data-responsive-json-new='{\"font-size\":\"desktop:14px;\",\"line-height\":\"desktop:17px;\"}'  style=\"font-weight:normal;color:#0a0a0a;\">\n<p style=\"text-align: center;\"><span style=\"color: #000000;\"><a style=\"color: #000000;\" href=\"mailto:info@artizsoler.com\">info@artizsoler.com<\/a><\/span><\/p>\n<\/div><\/div>[\/vc_column_inner][vc_column_inner width=\u00bb1\/2&#8243; css=\u00bb.vc_custom_1494847921166{margin-top: 15px !important;margin-right: 15px !important;margin-left: 15px !important;}\u00bb][vc_separator color=\u00bbblack\u00bb border_width=\u00bb4&#8243; css=\u00bb.vc_custom_1494835162791{margin-top: 0px !important;margin-bottom: 11px !important;padding-top: 0px !important;padding-bottom: 0px !important;}\u00bb]<div id=\"ultimate-heading-153669e09b33cf25f\" class=\"uvc-heading ult-adjust-bottom-margin ultimate-heading-153669e09b33cf25f uvc-1614 \" data-hspacer=\"no_spacer\"  data-halign=\"center\" style=\"text-align:center\"><div class=\"uvc-heading-spacer no_spacer\" style=\"top\"><\/div><div class=\"uvc-main-heading ult-responsive\"  data-ultimate-target='.uvc-heading.ultimate-heading-153669e09b33cf25f h2'  data-responsive-json-new='{\"font-size\":\"desktop:20px;\",\"line-height\":\"desktop:22px;\"}' ><h2 style=\"font-family:&#039;Cormorant Garamond&#039;;font-weight:700;color:#0a0a0a;margin-top:18px;margin-bottom:25px;\">C O N T A C T A<\/h2><\/div><\/div>[vc_column_text css=\u00bb.vc_custom_1496065343734{margin-bottom: 15px !important;padding-bottom: 0px !important;}\u00bb]\n<div class=\"wpcf7 no-js\" id=\"wpcf7-f259-o1\" lang=\"ca\" dir=\"ltr\" data-wpcf7-id=\"259\">\n<div class=\"screen-reader-response\"><p role=\"status\" aria-live=\"polite\" aria-atomic=\"true\"><\/p> <ul><\/ul><\/div>\n<form action=\"\/es\/wp-json\/wp\/v2\/pages\/261#wpcf7-f259-o1\" method=\"post\" class=\"wpcf7-form init cf7-style cf7-style-196\" aria-label=\"Formulari de contacte\" novalidate=\"novalidate\" data-status=\"init\">\n<fieldset class=\"hidden-fields-container\"><input type=\"hidden\" name=\"_wpcf7\" value=\"259\" \/><input type=\"hidden\" name=\"_wpcf7_version\" value=\"6.1.2\" \/><input type=\"hidden\" name=\"_wpcf7_locale\" value=\"ca\" \/><input type=\"hidden\" name=\"_wpcf7_unit_tag\" value=\"wpcf7-f259-o1\" \/><input type=\"hidden\" name=\"_wpcf7_container_post\" value=\"0\" \/><input type=\"hidden\" name=\"_wpcf7_posted_data_hash\" value=\"\" \/><input type=\"hidden\" name=\"_wpcf7_recaptcha_response\" value=\"\" \/>\n<\/fieldset>\n<p><span class=\"wpcf7-form-control-wrap\" data-name=\"Nombreyapellidos\"><input size=\"40\" maxlength=\"400\" class=\"wpcf7-form-control wpcf7-text wpcf7-validates-as-required\" aria-required=\"true\" aria-invalid=\"false\" placeholder=\"Nombre y apellidos\" value=\"\" type=\"text\" name=\"Nombreyapellidos\" \/><\/span><br \/>\n<span class=\"wpcf7-form-control-wrap\" data-name=\"email\"><input size=\"40\" maxlength=\"400\" class=\"wpcf7-form-control wpcf7-email wpcf7-validates-as-required wpcf7-text wpcf7-validates-as-email\" aria-required=\"true\" aria-invalid=\"false\" placeholder=\"Email\" value=\"\" type=\"email\" name=\"email\" \/><\/span><br \/>\n<span class=\"wpcf7-form-control-wrap\" data-name=\"tel\"><input size=\"40\" maxlength=\"400\" class=\"wpcf7-form-control wpcf7-tel wpcf7-validates-as-required wpcf7-text wpcf7-validates-as-tel\" aria-required=\"true\" aria-invalid=\"false\" placeholder=\"Tel\u00e9fono\" value=\"\" type=\"tel\" name=\"tel\" \/><\/span><br \/>\n<span class=\"wpcf7-form-control-wrap\" data-name=\"textarea\"><textarea cols=\"40\" rows=\"10\" maxlength=\"2000\" class=\"wpcf7-form-control wpcf7-textarea\" aria-invalid=\"false\" placeholder=\"Mensaje\" name=\"textarea\"><\/textarea><\/span>\n<\/p>\n<p style=\"size: 6px; line-height: 18px; color: black\">Acepto voluntariamente que mis datos sean enviados a ARTIZ&SOLER y acepto que estos datos puedan ser almacenadas, por si procede, poderme enviar informaci\u00f3n en lo referente a las actividades profesionales y empresariales propias de ARTIZ&SOLER. As\u00ed mismo ARTIZ&SOLER se compromete a mantener la confidencialidad de los datos de los usuarios del formulario.\n<\/p>\n<p><span class=\"wpcf7-form-control-wrap\" data-name=\"Acepto\"><span class=\"wpcf7-form-control wpcf7-acceptance\"><span class=\"wpcf7-list-item\"><input type=\"checkbox\" name=\"Acepto\" value=\"1\" aria-invalid=\"false\" \/><\/span><\/span><\/span><b>Acepto las condiciones.<\/b>\n<\/p>\n<p><input class=\"wpcf7-form-control wpcf7-submit has-spinner\" type=\"submit\" value=\"ENVIAR\" \/>\n<\/p><div class=\"wpcf7-response-output\" aria-hidden=\"true\"><\/div>\n<\/form>\n<\/div>\n[\/vc_column_text][vc_separator color=\u00bbblack\u00bb css=\u00bb.vc_custom_1496047793126{margin-bottom: 11px !important;padding-top: 30px !important;padding-bottom: 0px !important;}\u00bb][\/vc_column_inner][\/vc_row_inner][\/vc_column][vc_column width=\u00bb1\/12&#8243;][\/vc_column][\/vc_row][vc_row equal_height=\u00bbyes\u00bb bg_type=\u00bbbg_color\u00bb bg_override=\u00bb1&#8243; css=\u00bb.vc_custom_1494842499901{margin-top: 0px !important;margin-right: 0px !important;margin-bottom: 0px !important;margin-left: 0px !important;padding-top: 35px !important;padding-right: 0px !important;padding-bottom: 0px !important;padding-left: 0px !important;background-color: #ffffff !important;background-position: center !important;background-repeat: no-repeat !important;background-size: contain !important;}\u00bb bg_color_value=\u00bb#ffffff\u00bb][vc_column css=\u00bb.vc_custom_1494842489132{margin-bottom: 0px !important;padding-bottom: 0px !important;}\u00bb][vc_gmaps link=\u00bb#E-8_JTNDaWZyYW1lJTIwc3JjJTNEJTIyaHR0cHMlM0ElMkYlMkZ3d3cuZ29vZ2xlLmNvbSUyRm1hcHMlMkZlbWJlZCUzRnBiJTNEJTIxMW0xNCUyMTFtOCUyMTFtMyUyMTFkMjk2NS43MjA5Nzc3MjUwODE0JTIxMmQyLjgyMjgyMzklMjEzZDQxLjk4NDgwMDElMjEzbTIlMjExaTEwMjQlMjEyaTc2OCUyMTRmMTMuMSUyMTNtMyUyMTFtMiUyMTFzMHgxMmJhZTZkZTdhOWYwMjliJTI1M0EweGJhOTAzNzRhNjYwYjMwYjElMjEyc0FydGl6JTJCaSUyQlNvbGVyJTJCYWR2b2NhdHMlMjE1ZTAlMjEzbTIlMjExc2VzJTIxMnNlcyUyMTR2MTQ5NDg0MjQwODQ1NiUyMiUyMHdpZHRoJTNEJTIyMTAwJTI1JTIyJTIwaGVpZ2h0JTNEJTIyMjgwJTIyJTIwZnJhbWVib3JkZXIlM0QlMjIwJTIyJTIwc3R5bGUlM0QlMjJib3JkZXIlM0EwJTIyJTIwYWxsb3dmdWxsc2NyZWVuJTNFJTNDJTJGaWZyYW1lJTNF\u00bb css=\u00bb.vc_custom_1494842766046{margin-bottom: 10px !important;padding-bottom: 0px !important;}\u00bb][\/vc_column][\/vc_row]\n<\/div>","protected":false},"excerpt":{"rendered":"<p>[vc_row css=\u00bb.vc_custom_1494582877256{margin-right: 0px !important;margin-bottom: 0px !important;margin-left: 0px !important;padding-right: 0px !important;padding-bottom: 0px !important;padding-left: 0px !important;background-color: #ffffff !important;background-position: center !important;background-repeat: no-repeat !important;background-size: contain !important;}\u00bb][vc_column css=\u00bb.vc_custom_1494582185869{margin-top: 0px !important;margin-bottom: 0px !important;padding-top: 0px !important;padding-bottom: 0px !important;}\u00bb][vc_single_image image=\u00bb263&#8243; img_size=\u00bbfull\u00bb alignment=\u00bbcenter\u00bb css=\u00bb.vc_custom_1494842017178{margin-top: 0px !important;margin-bottom: 0px !important;padding-top: 0px !important;padding-bottom: 0px !important;}\u00bb][\/vc_column][\/vc_row][vc_row equal_height=\u00bbyes\u00bb css=\u00bb.vc_custom_1494836907635{margin-top: 0px !important;margin-right: 0px !important;margin-left: 0px !important;padding-top: 0px !important;padding-right: 0px !important;padding-left: 0px !important;background-color: #ffffff !important;background-position: center !important;background-repeat: no-repeat !important;background-size: contain !important;}\u00bb][vc_column width=\u00bb11\/12&#8243;][vc_row_inner equal_height=\u00bbyes\u00bb css=\u00bb.vc_custom_1494836913268{margin-top: 0px !important;padding-top: 0px !important;}\u00bb][vc_column_inner el_class=\u00bbcntainer02&#8243; width=\u00bb1\/2&#8243; css=\u00bb.vc_custom_1494840382690{margin-top: 15px !important;}\u00bb][vc_single_image image=\u00bb279&#8243; img_size=\u00bbfull\u00bb alignment=\u00bbcenter\u00bb css=\u00bb.vc_custom_1494844968028{margin-top: 20px !important;margin-bottom: 20px !important;}\u00bb][vc_separator color=\u00bbblack\u00bb el_width=\u00bb20&#8243;][\/vc_column_inner][vc_column_inner width=\u00bb1\/2&#8243; css=\u00bb.vc_custom_1494847921166{margin-top: 15px !important;margin-right: 15px !important;margin-left: 15px !important;}\u00bb][vc_separator color=\u00bbblack\u00bb border_width=\u00bb4&#8243; css=\u00bb.vc_custom_1494835162791{margin-top: 0px !important;margin-bottom: 11px !important;padding-top: 0px !important;padding-bottom: 0px !important;}\u00bb][vc_column_text css=\u00bb.vc_custom_1496065343734{margin-bottom: 15px !important;padding-bottom: 0px !important;}\u00bb][\/vc_column_text][vc_separator color=\u00bbblack\u00bb css=\u00bb.vc_custom_1496047793126{margin-bottom: 11px !important;padding-top: 30px !important;padding-bottom: 0px !important;}\u00bb][\/vc_column_inner][\/vc_row_inner][\/vc_column][vc_column width=\u00bb1\/12&#8243;][\/vc_column][\/vc_row][vc_row equal_height=\u00bbyes\u00bb bg_type=\u00bbbg_color\u00bb bg_override=\u00bb1&#8243; css=\u00bb.vc_custom_1494842499901{margin-top: 0px !important;margin-right: 0px !important;margin-bottom: 0px !important;margin-left: 0px !important;padding-top: 35px !important;padding-right: 0px !important;padding-bottom: 0px !important;padding-left: 0px !important;background-color: #ffffff !important;background-position: center !important;background-repeat: no-repeat !important;background-size: contain !important;}\u00bb bg_color_value=\u00bb#ffffff\u00bb][vc_column css=\u00bb.vc_custom_1494842489132{margin-bottom: 0px !important;padding-bottom: 0px !important;}\u00bb][vc_gmaps link=\u00bb#E-8_JTNDaWZyYW1lJTIwc3JjJTNEJTIyaHR0cHMlM0ElMkYlMkZ3d3cuZ29vZ2xlLmNvbSUyRm1hcHMlMkZlbWJlZCUzRnBiJTNEJTIxMW0xNCUyMTFtOCUyMTFtMyUyMTFkMjk2NS43MjA5Nzc3MjUwODE0JTIxMmQyLjgyMjgyMzklMjEzZDQxLjk4NDgwMDElMjEzbTIlMjExaTEwMjQlMjEyaTc2OCUyMTRmMTMuMSUyMTNtMyUyMTFtMiUyMTFzMHgxMmJhZTZkZTdhOWYwMjliJTI1M0EweGJhOTAzNzRhNjYwYjMwYjElMjEyc0FydGl6JTJCaSUyQlNvbGVyJTJCYWR2b2NhdHMlMjE1ZTAlMjEzbTIlMjExc2VzJTIxMnNlcyUyMTR2MTQ5NDg0MjQwODQ1NiUyMiUyMHdpZHRoJTNEJTIyMTAwJTI1JTIyJTIwaGVpZ2h0JTNEJTIyMjgwJTIyJTIwZnJhbWVib3JkZXIlM0QlMjIwJTIyJTIwc3R5bGUlM0QlMjJib3JkZXIlM0EwJTIyJTIwYWxsb3dmdWxsc2NyZWVuJTNFJTNDJTJGaWZyYW1lJTNF\u00bb css=\u00bb.vc_custom_1494842766046{margin-bottom: 10px !important;padding-bottom: 0px !important;}\u00bb][\/vc_column][\/vc_row]<\/p>\n","protected":false},"author":1,"featured_media":0,"parent":0,"menu_order":0,"comment_status":"closed","ping_status":"closed","template":"","meta":{"footnotes":""},"class_list":["post-261","page","type-page","status-publish","hentry","entry","post-inner"],"yoast_head":"<!-- This site is optimized with the Yoast SEO Premium plugin v24.7 (Yoast SEO v26.1.1) - https:\/\/yoast.com\/wordpress\/plugins\/seo\/ -->\n<title>CONTACTO \u00b7 ARTIZ &amp; SOLER, abogados<\/title>\n<meta name=\"description\" content=\"Accede a la p\u00e1gina de contacto para cualquier consulta, a trav\u00e9s de nuestro tel\u00e9fono, fax, correo electr\u00f3nico o direcci\u00f3n.\" \/>\n<meta name=\"robots\" content=\"index, follow, max-snippet:-1, max-image-preview:large, max-video-preview:-1\" \/>\n<link rel=\"canonical\" href=\"https:\/\/www.artizsoler.com\/es\/contacto\/\" \/>\n<meta property=\"og:locale\" content=\"es_ES\" \/>\n<meta property=\"og:type\" content=\"article\" \/>\n<meta property=\"og:title\" content=\"CONTACTO\" \/>\n<meta property=\"og:description\" content=\"Accede a la p\u00e1gina de contacto para cualquier consulta, a trav\u00e9s de nuestro tel\u00e9fono, fax, correo electr\u00f3nico o direcci\u00f3n.\" \/>\n<meta property=\"og:url\" content=\"https:\/\/www.artizsoler.com\/es\/contacto\/\" \/>\n<meta property=\"og:site_name\" content=\"Artiz &amp; Soler, Advocats\" \/>\n<meta property=\"article:modified_time\" content=\"2020-03-18T10:35:19+00:00\" \/>\n<meta name=\"twitter:card\" content=\"summary_large_image\" \/>\n<meta name=\"twitter:label1\" content=\"Tiempo de lectura\" \/>\n\t<meta name=\"twitter:data1\" content=\"3 minutos\" \/>\n<script type=\"application\/ld+json\" class=\"yoast-schema-graph\">{\"@context\":\"https:\/\/schema.org\",\"@graph\":[{\"@type\":\"WebPage\",\"@id\":\"https:\/\/www.artizsoler.com\/es\/contacto\/\",\"url\":\"https:\/\/www.artizsoler.com\/es\/contacto\/\",\"name\":\"CONTACTO \u00b7 ARTIZ & SOLER, abogados\",\"isPartOf\":{\"@id\":\"https:\/\/www.artizsoler.com\/es\/#website\"},\"datePublished\":\"2017-05-29T13:40:31+00:00\",\"dateModified\":\"2020-03-18T10:35:19+00:00\",\"description\":\"Accede a la p\u00e1gina de contacto para cualquier consulta, a trav\u00e9s de nuestro tel\u00e9fono, fax, correo electr\u00f3nico o direcci\u00f3n.\",\"breadcrumb\":{\"@id\":\"https:\/\/www.artizsoler.com\/es\/contacto\/#breadcrumb\"},\"inLanguage\":\"es\",\"potentialAction\":[{\"@type\":\"ReadAction\",\"target\":[\"https:\/\/www.artizsoler.com\/es\/contacto\/\"]}]},{\"@type\":\"BreadcrumbList\",\"@id\":\"https:\/\/www.artizsoler.com\/es\/contacto\/#breadcrumb\",\"itemListElement\":[{\"@type\":\"ListItem\",\"position\":1,\"name\":\"Portada\",\"item\":\"https:\/\/www.artizsoler.com\/es\/\"},{\"@type\":\"ListItem\",\"position\":2,\"name\":\"CONTACTO\"}]},{\"@type\":\"WebSite\",\"@id\":\"https:\/\/www.artizsoler.com\/es\/#website\",\"url\":\"https:\/\/www.artizsoler.com\/es\/\",\"name\":\"Artiz & Soler, Advocats\",\"description\":\"Especializados en derecho civil, mercantil, penal econ\u00f3mico, laboral, derecho administrativo, urban\u00edstico y tributario.\",\"potentialAction\":[{\"@type\":\"SearchAction\",\"target\":{\"@type\":\"EntryPoint\",\"urlTemplate\":\"https:\/\/www.artizsoler.com\/es\/?s={search_term_string}\"},\"query-input\":{\"@type\":\"PropertyValueSpecification\",\"valueRequired\":true,\"valueName\":\"search_term_string\"}}],\"inLanguage\":\"es\"}]}<\/script>\n<!-- \/ Yoast SEO Premium plugin. -->","yoast_head_json":{"title":"CONTACTO \u00b7 ARTIZ & SOLER, abogados","description":"Accede a la p\u00e1gina de contacto para cualquier consulta, a trav\u00e9s de nuestro tel\u00e9fono, fax, correo electr\u00f3nico o direcci\u00f3n.","robots":{"index":"index","follow":"follow","max-snippet":"max-snippet:-1","max-image-preview":"max-image-preview:large","max-video-preview":"max-video-preview:-1"},"canonical":"https:\/\/www.artizsoler.com\/es\/contacto\/","og_locale":"es_ES","og_type":"article","og_title":"CONTACTO","og_description":"Accede a la p\u00e1gina de contacto para cualquier consulta, a trav\u00e9s de nuestro tel\u00e9fono, fax, correo electr\u00f3nico o direcci\u00f3n.","og_url":"https:\/\/www.artizsoler.com\/es\/contacto\/","og_site_name":"Artiz & Soler, Advocats","article_modified_time":"2020-03-18T10:35:19+00:00","twitter_card":"summary_large_image","twitter_misc":{"Tiempo de lectura":"3 minutos"},"schema":{"@context":"https:\/\/schema.org","@graph":[{"@type":"WebPage","@id":"https:\/\/www.artizsoler.com\/es\/contacto\/","url":"https:\/\/www.artizsoler.com\/es\/contacto\/","name":"CONTACTO \u00b7 ARTIZ & SOLER, abogados","isPartOf":{"@id":"https:\/\/www.artizsoler.com\/es\/#website"},"datePublished":"2017-05-29T13:40:31+00:00","dateModified":"2020-03-18T10:35:19+00:00","description":"Accede a la p\u00e1gina de contacto para cualquier consulta, a trav\u00e9s de nuestro tel\u00e9fono, fax, correo electr\u00f3nico o direcci\u00f3n.","breadcrumb":{"@id":"https:\/\/www.artizsoler.com\/es\/contacto\/#breadcrumb"},"inLanguage":"es","potentialAction":[{"@type":"ReadAction","target":["https:\/\/www.artizsoler.com\/es\/contacto\/"]}]},{"@type":"BreadcrumbList","@id":"https:\/\/www.artizsoler.com\/es\/contacto\/#breadcrumb","itemListElement":[{"@type":"ListItem","position":1,"name":"Portada","item":"https:\/\/www.artizsoler.com\/es\/"},{"@type":"ListItem","position":2,"name":"CONTACTO"}]},{"@type":"WebSite","@id":"https:\/\/www.artizsoler.com\/es\/#website","url":"https:\/\/www.artizsoler.com\/es\/","name":"Artiz & Soler, Advocats","description":"Especializados en derecho civil, mercantil, penal econ\u00f3mico, laboral, derecho administrativo, urban\u00edstico y tributario.","potentialAction":[{"@type":"SearchAction","target":{"@type":"EntryPoint","urlTemplate":"https:\/\/www.artizsoler.com\/es\/?s={search_term_string}"},"query-input":{"@type":"PropertyValueSpecification","valueRequired":true,"valueName":"search_term_string"}}],"inLanguage":"es"}]}},"_links":{"self":[{"href":"https:\/\/www.artizsoler.com\/es\/wp-json\/wp\/v2\/pages\/261","targetHints":{"allow":["GET"]}}],"collection":[{"href":"https:\/\/www.artizsoler.com\/es\/wp-json\/wp\/v2\/pages"}],"about":[{"href":"https:\/\/www.artizsoler.com\/es\/wp-json\/wp\/v2\/types\/page"}],"author":[{"embeddable":true,"href":"https:\/\/www.artizsoler.com\/es\/wp-json\/wp\/v2\/users\/1"}],"replies":[{"embeddable":true,"href":"https:\/\/www.artizsoler.com\/es\/wp-json\/wp\/v2\/comments?post=261"}],"version-history":[{"count":0,"href":"https:\/\/www.artizsoler.com\/es\/wp-json\/wp\/v2\/pages\/261\/revisions"}],"wp:attachment":[{"href":"https:\/\/www.artizsoler.com\/es\/wp-json\/wp\/v2\/media?parent=261"}],"curies":[{"name":"wp","href":"https:\/\/api.w.org\/{rel}","templated":true}]}}