{"id":311,"date":"2017-05-29T14:09:20","date_gmt":"2017-05-29T14:09:20","guid":{"rendered":"http:\/\/www.artizsoler.com\/?page_id=311\/"},"modified":"2019-09-17T11:20:44","modified_gmt":"2019-09-17T11:20:44","slug":"socios","status":"publish","type":"page","link":"https:\/\/www.artizsoler.com\/es\/socios\/","title":{"rendered":"SOCIOS"},"content":{"rendered":"<div class=\"wpb-content-wrapper\">[vc_row css=\u00bb.vc_custom_1494582877256{margin-right: 0px !important;margin-bottom: 0px !important;margin-left: 0px !important;padding-right: 0px !important;padding-bottom: 0px !important;padding-left: 0px !important;background-color: #ffffff !important;background-position: center !important;background-repeat: no-repeat !important;background-size: contain !important;}\u00bb][vc_column css=\u00bb.vc_custom_1494582185869{margin-top: 0px !important;margin-bottom: 0px !important;padding-top: 0px !important;padding-bottom: 0px !important;}\u00bb][vc_single_image image=\u00bb506&#8243; img_size=\u00bbfull\u00bb alignment=\u00bbcenter\u00bb css=\u00bb.vc_custom_1506583493033{margin-top: 0px !important;margin-bottom: 0px !important;padding-top: 0px !important;padding-bottom: 0px !important;}\u00bb][vc_row_inner css=\u00bb.vc_custom_1494583413406{margin-bottom: 0px !important;padding-bottom: 0px !important;}\u00bb][vc_column_inner width=\u00bb1\/6&#8243;][\/vc_column_inner][vc_column_inner width=\u00bb2\/3&#8243; css=\u00bb.vc_custom_1494582937220{margin-top: 60px !important;margin-bottom: 0px !important;padding-bottom: 0px !important;}\u00bb][vc_separator color=\u00bbblack\u00bb css=\u00bb.vc_custom_1494588173043{margin-bottom: 6px !important;padding-bottom: 0px !important;}\u00bb]<div id=\"ultimate-heading-736169e09b7dd7c88\" class=\"uvc-heading ult-adjust-bottom-margin ultimate-heading-736169e09b7dd7c88 uvc-5700 \" data-hspacer=\"no_spacer\"  data-halign=\"center\" style=\"text-align:center\"><div class=\"uvc-heading-spacer no_spacer\" style=\"top\"><\/div><div class=\"uvc-main-heading ult-responsive\"  data-ultimate-target='.uvc-heading.ultimate-heading-736169e09b7dd7c88 h2'  data-responsive-json-new='{\"font-size\":\"desktop:22px;\",\"line-height\":\"\"}' ><h2 style=\"font-family:&#039;Cormorant Garamond&#039;;font-weight:700;color:#0a0a0a;margin-top:0px;margin-bottom:0px;\"> S O C I O S<\/h2><\/div><\/div>[vc_separator color=\u00bbblack\u00bb css=\u00bb.vc_custom_1494588180715{margin-top: 4px !important;}\u00bb][\/vc_column_inner][vc_column_inner width=\u00bb1\/6&#8243;][\/vc_column_inner][\/vc_row_inner][\/vc_column][\/vc_row][vc_row equal_height=\u00bbyes\u00bb css=\u00bb.vc_custom_1494588432789{margin-top: 0px !important;margin-right: 0px !important;margin-left: 0px !important;padding-top: 0px !important;padding-right: 0px !important;padding-left: 0px !important;background-color: #ffffff !important;background-position: center !important;background-repeat: no-repeat !important;background-size: contain !important;}\u00bb][vc_column width=\u00bb1\/6&#8243;][\/vc_column][vc_column width=\u00bb2\/3&#8243; css=\u00bb.vc_custom_1494588502746{margin-top: 0px !important;padding-top: 0px !important;}\u00bb][vc_row_inner css=\u00bb.vc_custom_1494588509321{margin-top: 0px !important;padding-top: 0px !important;}\u00bb][vc_column_inner width=\u00bb1\/2&#8243; css=\u00bb.vc_custom_1494834819691{margin-bottom: 45px !important;}\u00bb][vc_separator color=\u00bbblack\u00bb border_width=\u00bb4&#8243; css=\u00bb.vc_custom_1494588652263{margin-bottom: 11px !important;padding-bottom: 0px !important;}\u00bb]<div id=\"ultimate-heading-543469e09b7dd7de3\" class=\"uvc-heading ult-adjust-bottom-margin ultimate-heading-543469e09b7dd7de3 uvc-6391 \" data-hspacer=\"no_spacer\"  data-halign=\"left\" style=\"text-align:left\"><div class=\"uvc-heading-spacer no_spacer\" style=\"top\"><\/div><div class=\"uvc-main-heading ult-responsive\"  data-ultimate-target='.uvc-heading.ultimate-heading-543469e09b7dd7de3 h2'  data-responsive-json-new='{\"font-size\":\"desktop:19px;\",\"line-height\":\"\"}' ><h2 style=\"font-weight:bold;color:#0a0a0a;margin-top:0px;margin-bottom:9px;\">Jos\u00e9 Artiz Peraferrer<\/h2><\/div><div class=\"uvc-sub-heading ult-responsive\"  data-ultimate-target='.uvc-heading.ultimate-heading-543469e09b7dd7de3 .uvc-sub-heading '  data-responsive-json-new='{\"font-size\":\"desktop:14px;\",\"line-height\":\"\"}'  style=\"font-weight:normal;margin-bottom:8px;\">Colegiado n\u00fam. 992 en l&#8217;ICAG (Ilustre Colegio de Abogados de Girona)<\/div><\/div>[vc_single_image image=\u00bb496&#8243; img_size=\u00bbfull\u00bb alignment=\u00bbcenter\u00bb][vc_column_text el_class=\u00bbjosepartiz\u00bb]Abogado en ejercicio desde 1985.<\/p>\n<p class=\"p1\"><span class=\"s1\">Licenciado en Derecho por la Universitat de Barcelona (UB).<\/span><\/p>\n<p class=\"p1\"><span class=\"s1\">Especializado en Derecho Administrativo, Tributario y Urban\u00edstico, as\u00ed como en Derecho Mercantil y Concursal.<\/span><\/p>\n<p class=\"p1\"><span class=\"s1\">Administrador concursal. <\/span><\/p>\n<p class=\"p1\"><span class=\"s1\">\u00c1rbitro del Tribunal Arbitral de Girona.<\/span><\/p>\n[\/vc_column_text][vc_separator color=\u00bbblack\u00bb]<div class=\" vc_custom_1507879652268 ubtn-ctn-center \"><a class=\"ubtn-link ult-adjust-bottom-margin ubtn-center ubtn-custom \" href=\"mailto:artiz@artizsoler.com\" ><button type=\"button\" id=\"ubtn-7842\"  class=\"ubtn ult-adjust-bottom-margin ult-responsive ubtn-custom ubtn-no-hover-bg  none  ubtn-sep-icon ubtn-sep-icon-left  ubtn-center   tooltip-69e09b7dd7e6c\"  data-hover=\"\" data-border-color=\"\" data-bg=\"#1b2d3e\" data-hover-bg=\"#2a4963\" data-border-hover=\"\" data-shadow-hover=\"\" data-shadow-click=\"none\" data-shadow=\"\" data-shd-shadow=\"\"  data-ultimate-target='#ubtn-7842'  data-responsive-json-new='{\"font-size\":\"desktop:15px;\",\"line-height\":\"\"}'  style=\"font-weight:normal;width:205px;min-height:40px;padding:px 0px;border:none;background: #1b2d3e;color: #ffffff;\"><span class=\"ubtn-data ubtn-icon\"><i class=\"Defaults-envelope\" style=\"font-size:20px;color:#ffffff;\"><\/i><\/span><span class=\"ubtn-hover\" style=\"background-color:#2a4963\"><\/span><span class=\"ubtn-data ubtn-text \" >artiz@artizsoler.com<\/span><\/button><\/a><\/div>[vc_separator color=\u00bbblack\u00bb border_width=\u00bb4&#8243; css=\u00bb.vc_custom_1494588652263{margin-bottom: 11px !important;padding-bottom: 0px !important;}\u00bb][\/vc_column_inner][vc_column_inner width=\u00bb1\/2&#8243;][vc_separator color=\u00bbblack\u00bb border_width=\u00bb4&#8243; css=\u00bb.vc_custom_1494588652263{margin-bottom: 11px !important;padding-bottom: 0px !important;}\u00bb]<div id=\"ultimate-heading-30369e09b7dd7f70\" class=\"uvc-heading ult-adjust-bottom-margin ultimate-heading-30369e09b7dd7f70 uvc-7322 \" data-hspacer=\"no_spacer\"  data-halign=\"left\" style=\"text-align:left\"><div class=\"uvc-heading-spacer no_spacer\" style=\"top\"><\/div><div class=\"uvc-main-heading ult-responsive\"  data-ultimate-target='.uvc-heading.ultimate-heading-30369e09b7dd7f70 h2'  data-responsive-json-new='{\"font-size\":\"desktop:19px;\",\"line-height\":\"\"}' ><h2 style=\"font-weight:bold;color:#0a0a0a;margin-top:0px;margin-bottom:9px;\">Santiago Soler Colom\u00e9<\/h2><\/div><div class=\"uvc-sub-heading ult-responsive\"  data-ultimate-target='.uvc-heading.ultimate-heading-30369e09b7dd7f70 .uvc-sub-heading '  data-responsive-json-new='{\"font-size\":\"desktop:14px;\",\"line-height\":\"\"}'  style=\"font-weight:normal;margin-bottom:8px;\">Colegiado n\u00fam. 849 en l&#8217;ICAG (Ilustre Colegio de Abogados de Girona)<\/div><\/div>[vc_single_image image=\u00bb473&#8243; img_size=\u00bbfull\u00bb alignment=\u00bbcenter\u00bb][vc_column_text]Abogado en ejercicio desde 1984.<\/p>\n<p class=\"p1\"><span class=\"s1\">Licenciado en Derecho por la Universitat de Barcelona (UB), Promoci\u00f3n 1977-1982.<\/span><\/p>\n<p class=\"p1\"><span class=\"s1\">Especializado en Derecho Civil, Mercantil, Concursal y Penal-Econ\u00f3mico.<\/span><\/p>\n<p class=\"p1\"><span class=\"s1\">M\u00e1ster en Derecho Concursal. Administrador Concursal.<\/span><\/p>\n<p class=\"p1\"><span class=\"s1\">\u00c1rbitro del Tribunal Arbitral de Girona. <\/span><\/p>\n<p class=\"p1\"><span class=\"s1\">Autorizado por el Consejo de la Abogac\u00eda Catalana por el ejercicio a la Jurisdicci\u00f3n de Menores y por el Tribunal Eclesi\u00e1stico de Girona por el ejercicio del Derecho Matrimonial Can\u00f3nico.<\/span><\/p>\n<p class=\"p1\"><span class=\"s1\">Diputado de la Junta de Gobierno del Ilustre Colegio de Abogados de Girona desde julio del 2010.<\/span><\/p>\n[\/vc_column_text][vc_separator color=\u00bbblack\u00bb]<div class=\" vc_custom_1507879678568 ubtn-ctn-center \"><a class=\"ubtn-link ult-adjust-bottom-margin ubtn-center ubtn-custom \" href=\"mailto:santisoler@artizsoler.com\" ><button type=\"button\" id=\"ubtn-5521\"  class=\"ubtn ult-adjust-bottom-margin ult-responsive ubtn-custom ubtn-no-hover-bg  none  ubtn-sep-icon ubtn-sep-icon-left  ubtn-center   tooltip-69e09b7dd7fe5\"  data-hover=\"\" data-border-color=\"\" data-bg=\"#1b2d3e\" data-hover-bg=\"#2a4963\" data-border-hover=\"\" data-shadow-hover=\"\" data-shadow-click=\"none\" data-shadow=\"\" data-shd-shadow=\"\"  data-ultimate-target='#ubtn-5521'  data-responsive-json-new='{\"font-size\":\"desktop:15px;\",\"line-height\":\"\"}'  style=\"font-weight:normal;width:205px;min-height:40px;padding:px 0px;border:none;background: #1b2d3e;color: #ffffff;\"><span class=\"ubtn-data ubtn-icon\"><i class=\"Defaults-envelope\" style=\"font-size:20px;color:#ffffff;\"><\/i><\/span><span class=\"ubtn-hover\" style=\"background-color:#2a4963\"><\/span><span class=\"ubtn-data ubtn-text \" >santisoler@artizsoler.com<\/span><\/button><\/a><\/div>[vc_separator color=\u00bbblack\u00bb border_width=\u00bb4&#8243; css=\u00bb.vc_custom_1494588652263{margin-bottom: 11px !important;padding-bottom: 0px !important;}\u00bb][\/vc_column_inner][\/vc_row_inner][\/vc_column][vc_column width=\u00bb1\/6&#8243;][\/vc_column][\/vc_row][vc_row][vc_column][vc_column_text]\n[\/vc_column_text][\/vc_column][\/vc_row]\n<\/div>","protected":false},"excerpt":{"rendered":"<p>[vc_row css=\u00bb.vc_custom_1494582877256{margin-right: 0px !important;margin-bottom: 0px !important;margin-left: 0px !important;padding-right: 0px !important;padding-bottom: 0px !important;padding-left: 0px !important;background-color: #ffffff !important;background-position: center !important;background-repeat: no-repeat !important;background-size: contain !important;}\u00bb][vc_column css=\u00bb.vc_custom_1494582185869{margin-top: 0px !important;margin-bottom: 0px !important;padding-top: 0px !important;padding-bottom: 0px !important;}\u00bb][vc_single_image image=\u00bb506&#8243; img_size=\u00bbfull\u00bb alignment=\u00bbcenter\u00bb css=\u00bb.vc_custom_1506583493033{margin-top: 0px !important;margin-bottom: 0px !important;padding-top: 0px !important;padding-bottom: 0px !important;}\u00bb][vc_row_inner css=\u00bb.vc_custom_1494583413406{margin-bottom: 0px !important;padding-bottom: 0px !important;}\u00bb][vc_column_inner width=\u00bb1\/6&#8243;][\/vc_column_inner][vc_column_inner width=\u00bb2\/3&#8243; css=\u00bb.vc_custom_1494582937220{margin-top: 60px !important;margin-bottom: 0px !important;padding-bottom: 0px !important;}\u00bb][vc_separator color=\u00bbblack\u00bb css=\u00bb.vc_custom_1494588173043{margin-bottom: 6px !important;padding-bottom: 0px !important;}\u00bb][vc_separator color=\u00bbblack\u00bb css=\u00bb.vc_custom_1494588180715{margin-top: 4px !important;}\u00bb][\/vc_column_inner][vc_column_inner width=\u00bb1\/6&#8243;][\/vc_column_inner][\/vc_row_inner][\/vc_column][\/vc_row][vc_row equal_height=\u00bbyes\u00bb css=\u00bb.vc_custom_1494588432789{margin-top: 0px !important;margin-right: 0px !important;margin-left: 0px !important;padding-top: 0px !important;padding-right: 0px !important;padding-left: 0px !important;background-color: #ffffff !important;background-position: center !important;background-repeat: no-repeat !important;background-size: contain !important;}\u00bb][vc_column width=\u00bb1\/6&#8243;][\/vc_column][vc_column width=\u00bb2\/3&#8243; css=\u00bb.vc_custom_1494588502746{margin-top: 0px !important;padding-top: 0px !important;}\u00bb][vc_row_inner css=\u00bb.vc_custom_1494588509321{margin-top: 0px !important;padding-top: 0px !important;}\u00bb][vc_column_inner width=\u00bb1\/2&#8243; css=\u00bb.vc_custom_1494834819691{margin-bottom: 45px !important;}\u00bb][vc_separator color=\u00bbblack\u00bb border_width=\u00bb4&#8243; css=\u00bb.vc_custom_1494588652263{margin-bottom: 11px !important;padding-bottom: 0px !important;}\u00bb][vc_single_image image=\u00bb496&#8243; img_size=\u00bbfull\u00bb alignment=\u00bbcenter\u00bb][vc_column_text el_class=\u00bbjosepartiz\u00bb]Abogado en ejercicio desde 1985. Licenciado en Derecho por la Universitat de Barcelona (UB). Especializado en Derecho Administrativo, Tributario y Urban\u00edstico, as\u00ed como en Derecho Mercantil y Concursal. Administrador concursal. \u00c1rbitro del Tribunal Arbitral de Girona. [\/vc_column_text][vc_separator color=\u00bbblack\u00bb][vc_separator color=\u00bbblack\u00bb border_width=\u00bb4&#8243; css=\u00bb.vc_custom_1494588652263{margin-bottom: 11px !important;padding-bottom: 0px !important;}\u00bb][\/vc_column_inner][vc_column_inner width=\u00bb1\/2&#8243;][vc_separator color=\u00bbblack\u00bb border_width=\u00bb4&#8243; css=\u00bb.vc_custom_1494588652263{margin-bottom: 11px !important;padding-bottom: 0px !important;}\u00bb][vc_single_image image=\u00bb473&#8243; img_size=\u00bbfull\u00bb alignment=\u00bbcenter\u00bb][vc_column_text]Abogado en ejercicio desde 1984. Licenciado en Derecho por la Universitat de Barcelona (UB), Promoci\u00f3n 1977-1982. Especializado en Derecho Civil, Mercantil, Concursal y Penal-Econ\u00f3mico. M\u00e1ster en Derecho Concursal. Administrador Concursal. \u00c1rbitro del Tribunal Arbitral de Girona. Autorizado por el Consejo de la Abogac\u00eda Catalana por el ejercicio a la Jurisdicci\u00f3n de Menores y por el Tribunal Eclesi\u00e1stico de Girona por el ejercicio del Derecho Matrimonial Can\u00f3nico. Diputado de la Junta de Gobierno del Ilustre Colegio de Abogados de Girona desde julio del 2010. [\/vc_column_text][vc_separator color=\u00bbblack\u00bb][vc_separator color=\u00bbblack\u00bb border_width=\u00bb4&#8243; css=\u00bb.vc_custom_1494588652263{margin-bottom: 11px !important;padding-bottom: 0px !important;}\u00bb][\/vc_column_inner][\/vc_row_inner][\/vc_column][vc_column width=\u00bb1\/6&#8243;][\/vc_column][\/vc_row][vc_row][vc_column][vc_column_text] [\/vc_column_text][\/vc_column][\/vc_row]<\/p>\n","protected":false},"author":1,"featured_media":0,"parent":0,"menu_order":0,"comment_status":"closed","ping_status":"closed","template":"","meta":{"footnotes":""},"class_list":["post-311","page","type-page","status-publish","hentry","entry","post-inner"],"yoast_head":"<!-- This site is optimized with the Yoast SEO Premium plugin v24.7 (Yoast SEO v26.1.1) - https:\/\/yoast.com\/wordpress\/plugins\/seo\/ -->\n<title>SOCIOS \u00b7 ARTIZ &amp; SOLER, abogados<\/title>\n<meta name=\"description\" content=\"En este apartado encontrar\u00e1s informaci\u00f3n profesional sobre los socios del despacho, Josep Artiz Peraferrer y Santiago Soler Colom\u00e9.\" \/>\n<meta name=\"robots\" content=\"index, follow, max-snippet:-1, max-image-preview:large, max-video-preview:-1\" \/>\n<link rel=\"canonical\" href=\"https:\/\/www.artizsoler.com\/es\/socios\/\" \/>\n<meta property=\"og:locale\" content=\"es_ES\" \/>\n<meta property=\"og:type\" content=\"article\" \/>\n<meta property=\"og:title\" content=\"SOCIOS\" \/>\n<meta property=\"og:description\" content=\"En este apartado encontrar\u00e1s informaci\u00f3n profesional sobre los socios del despacho, Josep Artiz Peraferrer y Santiago Soler Colom\u00e9.\" \/>\n<meta property=\"og:url\" content=\"https:\/\/www.artizsoler.com\/es\/socios\/\" \/>\n<meta property=\"og:site_name\" content=\"Artiz &amp; Soler, Advocats\" \/>\n<meta property=\"article:modified_time\" content=\"2019-09-17T11:20:44+00:00\" \/>\n<meta name=\"twitter:card\" content=\"summary_large_image\" \/>\n<meta name=\"twitter:label1\" content=\"Tiempo de lectura\" \/>\n\t<meta name=\"twitter:data1\" content=\"4 minutos\" \/>\n<script type=\"application\/ld+json\" class=\"yoast-schema-graph\">{\"@context\":\"https:\/\/schema.org\",\"@graph\":[{\"@type\":\"WebPage\",\"@id\":\"https:\/\/www.artizsoler.com\/es\/socios\/\",\"url\":\"https:\/\/www.artizsoler.com\/es\/socios\/\",\"name\":\"SOCIOS \u00b7 ARTIZ & SOLER, abogados\",\"isPartOf\":{\"@id\":\"https:\/\/www.artizsoler.com\/es\/#website\"},\"datePublished\":\"2017-05-29T14:09:20+00:00\",\"dateModified\":\"2019-09-17T11:20:44+00:00\",\"description\":\"En este apartado encontrar\u00e1s informaci\u00f3n profesional sobre los socios del despacho, Josep Artiz Peraferrer y Santiago Soler Colom\u00e9.\",\"breadcrumb\":{\"@id\":\"https:\/\/www.artizsoler.com\/es\/socios\/#breadcrumb\"},\"inLanguage\":\"es\",\"potentialAction\":[{\"@type\":\"ReadAction\",\"target\":[\"https:\/\/www.artizsoler.com\/es\/socios\/\"]}]},{\"@type\":\"BreadcrumbList\",\"@id\":\"https:\/\/www.artizsoler.com\/es\/socios\/#breadcrumb\",\"itemListElement\":[{\"@type\":\"ListItem\",\"position\":1,\"name\":\"Portada\",\"item\":\"https:\/\/www.artizsoler.com\/es\/\"},{\"@type\":\"ListItem\",\"position\":2,\"name\":\"SOCIOS\"}]},{\"@type\":\"WebSite\",\"@id\":\"https:\/\/www.artizsoler.com\/es\/#website\",\"url\":\"https:\/\/www.artizsoler.com\/es\/\",\"name\":\"Artiz & Soler, Advocats\",\"description\":\"Especializados en derecho civil, mercantil, penal econ\u00f3mico, laboral, derecho administrativo, urban\u00edstico y tributario.\",\"potentialAction\":[{\"@type\":\"SearchAction\",\"target\":{\"@type\":\"EntryPoint\",\"urlTemplate\":\"https:\/\/www.artizsoler.com\/es\/?s={search_term_string}\"},\"query-input\":{\"@type\":\"PropertyValueSpecification\",\"valueRequired\":true,\"valueName\":\"search_term_string\"}}],\"inLanguage\":\"es\"}]}<\/script>\n<!-- \/ Yoast SEO Premium plugin. -->","yoast_head_json":{"title":"SOCIOS \u00b7 ARTIZ & SOLER, abogados","description":"En este apartado encontrar\u00e1s informaci\u00f3n profesional sobre los socios del despacho, Josep Artiz Peraferrer y Santiago Soler Colom\u00e9.","robots":{"index":"index","follow":"follow","max-snippet":"max-snippet:-1","max-image-preview":"max-image-preview:large","max-video-preview":"max-video-preview:-1"},"canonical":"https:\/\/www.artizsoler.com\/es\/socios\/","og_locale":"es_ES","og_type":"article","og_title":"SOCIOS","og_description":"En este apartado encontrar\u00e1s informaci\u00f3n profesional sobre los socios del despacho, Josep Artiz Peraferrer y Santiago Soler Colom\u00e9.","og_url":"https:\/\/www.artizsoler.com\/es\/socios\/","og_site_name":"Artiz & Soler, Advocats","article_modified_time":"2019-09-17T11:20:44+00:00","twitter_card":"summary_large_image","twitter_misc":{"Tiempo de lectura":"4 minutos"},"schema":{"@context":"https:\/\/schema.org","@graph":[{"@type":"WebPage","@id":"https:\/\/www.artizsoler.com\/es\/socios\/","url":"https:\/\/www.artizsoler.com\/es\/socios\/","name":"SOCIOS \u00b7 ARTIZ & SOLER, abogados","isPartOf":{"@id":"https:\/\/www.artizsoler.com\/es\/#website"},"datePublished":"2017-05-29T14:09:20+00:00","dateModified":"2019-09-17T11:20:44+00:00","description":"En este apartado encontrar\u00e1s informaci\u00f3n profesional sobre los socios del despacho, Josep Artiz Peraferrer y Santiago Soler Colom\u00e9.","breadcrumb":{"@id":"https:\/\/www.artizsoler.com\/es\/socios\/#breadcrumb"},"inLanguage":"es","potentialAction":[{"@type":"ReadAction","target":["https:\/\/www.artizsoler.com\/es\/socios\/"]}]},{"@type":"BreadcrumbList","@id":"https:\/\/www.artizsoler.com\/es\/socios\/#breadcrumb","itemListElement":[{"@type":"ListItem","position":1,"name":"Portada","item":"https:\/\/www.artizsoler.com\/es\/"},{"@type":"ListItem","position":2,"name":"SOCIOS"}]},{"@type":"WebSite","@id":"https:\/\/www.artizsoler.com\/es\/#website","url":"https:\/\/www.artizsoler.com\/es\/","name":"Artiz & Soler, Advocats","description":"Especializados en derecho civil, mercantil, penal econ\u00f3mico, laboral, derecho administrativo, urban\u00edstico y tributario.","potentialAction":[{"@type":"SearchAction","target":{"@type":"EntryPoint","urlTemplate":"https:\/\/www.artizsoler.com\/es\/?s={search_term_string}"},"query-input":{"@type":"PropertyValueSpecification","valueRequired":true,"valueName":"search_term_string"}}],"inLanguage":"es"}]}},"_links":{"self":[{"href":"https:\/\/www.artizsoler.com\/es\/wp-json\/wp\/v2\/pages\/311","targetHints":{"allow":["GET"]}}],"collection":[{"href":"https:\/\/www.artizsoler.com\/es\/wp-json\/wp\/v2\/pages"}],"about":[{"href":"https:\/\/www.artizsoler.com\/es\/wp-json\/wp\/v2\/types\/page"}],"author":[{"embeddable":true,"href":"https:\/\/www.artizsoler.com\/es\/wp-json\/wp\/v2\/users\/1"}],"replies":[{"embeddable":true,"href":"https:\/\/www.artizsoler.com\/es\/wp-json\/wp\/v2\/comments?post=311"}],"version-history":[{"count":0,"href":"https:\/\/www.artizsoler.com\/es\/wp-json\/wp\/v2\/pages\/311\/revisions"}],"wp:attachment":[{"href":"https:\/\/www.artizsoler.com\/es\/wp-json\/wp\/v2\/media?parent=311"}],"curies":[{"name":"wp","href":"https:\/\/api.w.org\/{rel}","templated":true}]}}