{"id":663,"date":"2020-03-30T10:01:47","date_gmt":"2020-03-30T10:01:47","guid":{"rendered":"https:\/\/www.artizsoler.com\/devolucion-de-cantidades-pagadas-en-exceso-en-hipotecas-con-clausula-suelo-irph-o-gastos\/"},"modified":"2020-03-30T10:01:48","modified_gmt":"2020-03-30T10:01:48","slug":"devolucion-de-cantidades-pagadas-en-exceso-en-hipotecas-con-clausula-suelo-irph-o-gastos","status":"publish","type":"page","link":"https:\/\/www.artizsoler.com\/es\/devolucion-de-cantidades-pagadas-en-exceso-en-hipotecas-con-clausula-suelo-irph-o-gastos\/","title":{"rendered":"DEVOLUCI\u00d3N DE CANTIDADES PAGADAS EN EXCESO EN HIPOTECAS CON CL\u00c1USULA SUELO, IRPH O GASTOS"},"content":{"rendered":"<div class=\"wpb-content-wrapper\">[vc_row css=\u00bb.vc_custom_1494582877256{margin-right: 0px !important;margin-bottom: 0px !important;margin-left: 0px !important;padding-right: 0px !important;padding-bottom: 0px !important;padding-left: 0px !important;background-color: #ffffff !important;background-position: center !important;background-repeat: no-repeat !important;background-size: contain !important;}\u00bb][vc_column css=\u00bb.vc_custom_1494582185869{margin-top: 0px !important;margin-bottom: 0px !important;padding-top: 0px !important;padding-bottom: 0px !important;}\u00bb][vc_single_image image=\u00bb660&#8243; img_size=\u00bbfull\u00bb alignment=\u00bbcenter\u00bb css=\u00bb.vc_custom_1585562322533{margin-top: 0px !important;margin-bottom: 0px !important;padding-top: 0px !important;padding-bottom: 0px !important;}\u00bb][vc_row_inner css=\u00bb.vc_custom_1494583413406{margin-bottom: 0px !important;padding-bottom: 0px !important;}\u00bb][vc_column_inner width=\u00bb1\/4&#8243;][\/vc_column_inner][vc_column_inner width=\u00bb1\/2&#8243; css=\u00bb.vc_custom_1494582937220{margin-top: 60px !important;margin-bottom: 0px !important;padding-bottom: 0px !important;}\u00bb]<div id=\"ultimate-heading-339869d259750d02c\" class=\"uvc-heading ult-adjust-bottom-margin ultimate-heading-339869d259750d02c uvc-5545 \" data-hspacer=\"no_spacer\"  data-halign=\"center\" style=\"text-align:center\"><div class=\"uvc-heading-spacer no_spacer\" style=\"top\"><\/div><div class=\"uvc-sub-heading ult-responsive\"  data-ultimate-target='.uvc-heading.ultimate-heading-339869d259750d02c .uvc-sub-heading '  data-responsive-json-new='{\"font-size\":\"desktop:16px;\",\"line-height\":\"desktop:28px;\"}'  style=\"font-weight:normal;color:#0a0a0a;\">\n<p style=\"text-align: center;\"><strong> DEVOLUCI\u00d3N DE CANTIDADES PAGADAS EN EXCESO EN HIPOTECAS CON CL\u00c1USULA SUELO, IRPH O GASTOS <\/strong><\/p>\n<\/div><\/div>[\/vc_column_inner][vc_column_inner width=\u00bb1\/4&#8243;][\/vc_column_inner][\/vc_row_inner][\/vc_column][\/vc_row][vc_row css=\u00bb.vc_custom_1494582862295{margin-top: 0px !important;margin-right: 0px !important;margin-left: 0px !important;padding-top: 0px !important;padding-right: 0px !important;padding-left: 0px !important;background-color: #ffffff !important;background-position: center !important;background-repeat: no-repeat !important;background-size: contain !important;}\u00bb][vc_column width=\u00bb1\/6&#8243;][\/vc_column][vc_column width=\u00bb2\/3&#8243;][vc_separator color=\u00bbblack\u00bb][vc_row_inner][vc_column_inner][vc_column_text]Si ha adquirido Vd. una vivienda con un pr\u00e9stamo hipotecario que contiene una cl\u00e1usula suelo con un tipo m\u00ednimo o referenciado al \u00edndice IRPF que el banco le ha convertido en un tipo fijo desde su desaparici\u00f3n o con la cl\u00e1usula de gastos (Notar\u00eda, Gestor\u00eda, Tasaci\u00f3n, Registro de la Propiedad) a su cago, tiene derecho a la devoluci\u00f3n de las cantidades pagadas en exceso o indebidamente. Expl\u00edquenos su caso y le asesoraremos. [\/vc_column_text][\/vc_column_inner][\/vc_row_inner][vc_separator color=\u00bbblack\u00bb border_width=\u00bb4&#8243;][vc_single_image image=\u00bb250&#8243; img_size=\u00bbfull\u00bb alignment=\u00bbcenter\u00bb css=\u00bb.vc_custom_1568372427170{margin-top: 25px !important;margin-bottom: 0px !important;padding-bottom: 0px !important;}\u00bb]<div id=\"ultimate-heading-408669d259750d279\" class=\"uvc-heading ult-adjust-bottom-margin ultimate-heading-408669d259750d279 uvc-3258 \" data-hspacer=\"no_spacer\"  data-halign=\"center\" style=\"text-align:center\"><div class=\"uvc-heading-spacer no_spacer\" style=\"top\"><\/div><div class=\"uvc-sub-heading ult-responsive\"  data-ultimate-target='.uvc-heading.ultimate-heading-408669d259750d279 .uvc-sub-heading '  data-responsive-json-new='{\"font-size\":\"desktop:17px;\",\"line-height\":\"desktop:28px;\"}'  style=\"font-weight:normal;color:#0a0a0a;margin-top:0px;margin-bottom:0px;\">\n<p style=\"text-align: center;\">Despacho de Servicios Professionales<\/p>\n<\/div><\/div><div class=\"ult-spacer spacer-69d259750d45c\" data-id=\"69d259750d45c\" data-height=\"38\" data-height-mobile=\"38\" data-height-tab=\"38\" data-height-tab-portrait=\"\" data-height-mobile-landscape=\"\" style=\"clear:both;display:block;\"><\/div>[\/vc_column][vc_column width=\u00bb1\/6&#8243;][\/vc_column][\/vc_row][vc_row css=\u00bb.vc_custom_1494582877256{margin-right: 0px !important;margin-bottom: 0px !important;margin-left: 0px !important;padding-right: 0px !important;padding-bottom: 0px !important;padding-left: 0px !important;background-color: #ffffff !important;background-position: center !important;background-repeat: no-repeat !important;background-size: contain !important;}\u00bb][vc_column css=\u00bb.vc_custom_1494582185869{margin-top: 0px !important;margin-bottom: 0px !important;padding-top: 0px !important;padding-bottom: 0px !important;}\u00bb][vc_row_inner css=\u00bb.vc_custom_1494585195823{margin-bottom: 0px !important;padding-bottom: 0px !important;background-color: #1b2d3e !important;background-position: center !important;background-repeat: no-repeat !important;background-size: contain !important;}\u00bb][vc_column_inner]<div id=\"ultimate-heading-645769d259750d5aa\" class=\"uvc-heading ult-adjust-bottom-margin ultimate-heading-645769d259750d5aa uvc-2648 \" data-hspacer=\"no_spacer\"  data-halign=\"center\" style=\"text-align:center\"><div class=\"uvc-heading-spacer no_spacer\" style=\"top\"><\/div><div class=\"uvc-main-heading ult-responsive\"  data-ultimate-target='.uvc-heading.ultimate-heading-645769d259750d5aa h2'  data-responsive-json-new='{\"font-size\":\"desktop:18px;\",\"line-height\":\"\"}' ><h2 style=\"font-weight:normal;color:#ffffff;margin-bottom:35px;\">Con una experiencia de m\u00e1s de 30 a\u00f1os, trabajamos tanto en \u00e1mbito nacional como internacional<\/h2><\/div><\/div>[\/vc_column_inner][\/vc_row_inner][vc_row_inner][vc_column_inner]<div id=\"ultimate-heading-824769d259750d848\" class=\"uvc-heading ult-adjust-bottom-margin ultimate-heading-824769d259750d848 uvc-70 \" data-hspacer=\"no_spacer\"  data-halign=\"center\" style=\"text-align:center\"><div class=\"uvc-heading-spacer no_spacer\" style=\"top\"><\/div><div class=\"uvc-main-heading ult-responsive\"  data-ultimate-target='.uvc-heading.ultimate-heading-824769d259750d848 h2'  data-responsive-json-new='{\"font-size\":\"desktop:22px;\",\"line-height\":\"\"}' ><h2 style=\"font-family:&#039;Cormorant Garamond&#039;;font-style:italic;font-weight:300;color:#0a0a0a;\">Inf\u00f3rmese gratuitamente<\/h2><\/div><\/div>[\/vc_column_inner][\/vc_row_inner]<div class=\" vc_custom_1568302862805 ubtn-ctn-center \"><a class=\"ubtn-link ult-adjust-bottom-margin ubtn-center ubtn-custom \" href=\"tel:972205388\" ><button type=\"button\" id=\"ubtn-4533\"  class=\"ubtn ult-adjust-bottom-margin ult-responsive ubtn-custom ubtn-no-hover-bg  none  ubtn-center   tooltip-69d259750db0c\"  data-hover=\"\" data-border-color=\"\" data-bg=\"#0a0a0a\" data-hover-bg=\"#2a4963\" data-border-hover=\"\" data-shadow-hover=\"\" data-shadow-click=\"none\" data-shadow=\"\" data-shd-shadow=\"\"  data-ultimate-target='#ubtn-4533'  data-responsive-json-new='{\"font-size\":\"desktop:18px;\",\"line-height\":\"\"}'  style=\"font-weight:normal;width:190px;min-height:48px;padding:px px;border:none;background: #0a0a0a;color: #ffffff;\"><span class=\"ubtn-hover\" style=\"background-color:#2a4963\"><\/span><span class=\"ubtn-data ubtn-text \" >LLAMAR<\/span><\/button><\/a><\/div><div class=\"ult-spacer spacer-69d259750de3d\" data-id=\"69d259750de3d\" data-height=\"25\" data-height-mobile=\"25\" data-height-tab=\"25\" data-height-tab-portrait=\"\" data-height-mobile-landscape=\"\" style=\"clear:both;display:block;\"><\/div>[\/vc_column][\/vc_row]\n<\/div>","protected":false},"excerpt":{"rendered":"<p>[vc_row css=\u00bb.vc_custom_1494582877256{margin-right: 0px !important;margin-bottom: 0px !important;margin-left: 0px !important;padding-right: 0px !important;padding-bottom: 0px !important;padding-left: 0px !important;background-color: #ffffff !important;background-position: center !important;background-repeat: no-repeat !important;background-size: contain !important;}\u00bb][vc_column css=\u00bb.vc_custom_1494582185869{margin-top: 0px !important;margin-bottom: 0px !important;padding-top: 0px !important;padding-bottom: 0px !important;}\u00bb][vc_single_image image=\u00bb660&#8243; img_size=\u00bbfull\u00bb alignment=\u00bbcenter\u00bb css=\u00bb.vc_custom_1585562322533{margin-top: 0px !important;margin-bottom: 0px !important;padding-top: 0px !important;padding-bottom: 0px !important;}\u00bb][vc_row_inner css=\u00bb.vc_custom_1494583413406{margin-bottom: 0px !important;padding-bottom: 0px !important;}\u00bb][vc_column_inner width=\u00bb1\/4&#8243;][\/vc_column_inner][vc_column_inner width=\u00bb1\/2&#8243; css=\u00bb.vc_custom_1494582937220{margin-top: 60px !important;margin-bottom: 0px !important;padding-bottom: 0px !important;}\u00bb][\/vc_column_inner][vc_column_inner width=\u00bb1\/4&#8243;][\/vc_column_inner][\/vc_row_inner][\/vc_column][\/vc_row][vc_row css=\u00bb.vc_custom_1494582862295{margin-top: 0px !important;margin-right: 0px !important;margin-left: 0px !important;padding-top: 0px !important;padding-right: 0px !important;padding-left: 0px !important;background-color: #ffffff !important;background-position: center !important;background-repeat: no-repeat !important;background-size: contain !important;}\u00bb][vc_column width=\u00bb1\/6&#8243;][\/vc_column][vc_column width=\u00bb2\/3&#8243;][vc_separator color=\u00bbblack\u00bb][vc_row_inner][vc_column_inner][vc_column_text]Si ha adquirido Vd. una vivienda con un pr\u00e9stamo hipotecario que contiene una cl\u00e1usula suelo con un tipo m\u00ednimo o referenciado al \u00edndice IRPF que el banco le ha convertido en un tipo fijo desde su desaparici\u00f3n o con la cl\u00e1usula de gastos (Notar\u00eda, Gestor\u00eda, Tasaci\u00f3n, Registro de la Propiedad) a su cago, tiene derecho a la devoluci\u00f3n de las cantidades pagadas en exceso o indebidamente. Expl\u00edquenos su caso y le asesoraremos. [\/vc_column_text][\/vc_column_inner][\/vc_row_inner][vc_separator color=\u00bbblack\u00bb border_width=\u00bb4&#8243;][vc_single_image image=\u00bb250&#8243; img_size=\u00bbfull\u00bb alignment=\u00bbcenter\u00bb css=\u00bb.vc_custom_1568372427170{margin-top: 25px !important;margin-bottom: 0px !important;padding-bottom: 0px !important;}\u00bb][\/vc_column][vc_column width=\u00bb1\/6&#8243;][\/vc_column][\/vc_row][vc_row css=\u00bb.vc_custom_1494582877256{margin-right: 0px !important;margin-bottom: 0px !important;margin-left: 0px !important;padding-right: 0px !important;padding-bottom: 0px !important;padding-left: 0px !important;background-color: #ffffff !important;background-position: center !important;background-repeat: no-repeat !important;background-size: contain !important;}\u00bb][vc_column css=\u00bb.vc_custom_1494582185869{margin-top: 0px !important;margin-bottom: 0px !important;padding-top: 0px !important;padding-bottom: 0px !important;}\u00bb][vc_row_inner css=\u00bb.vc_custom_1494585195823{margin-bottom: 0px !important;padding-bottom: 0px !important;background-color: #1b2d3e !important;background-position: center !important;background-repeat: no-repeat !important;background-size: contain !important;}\u00bb][vc_column_inner][\/vc_column_inner][\/vc_row_inner][vc_row_inner][vc_column_inner][\/vc_column_inner][\/vc_row_inner][\/vc_column][\/vc_row]<\/p>\n","protected":false},"author":1,"featured_media":0,"parent":0,"menu_order":0,"comment_status":"closed","ping_status":"closed","template":"","meta":{"footnotes":""},"class_list":["post-663","page","type-page","status-publish","hentry","entry","post-inner"],"yoast_head":"<!-- This site is optimized with the Yoast SEO Premium plugin v24.7 (Yoast SEO v26.1.1) - https:\/\/yoast.com\/wordpress\/plugins\/seo\/ -->\n<title>DEVOLUCI\u00d3N DE CANTIDADES PAGADAS EN EXCESO EN HIPOTECAS CON CL\u00c1USULA SUELO, IRPH O GASTOS - Artiz &amp; Soler, Advocats<\/title>\n<meta name=\"robots\" content=\"index, follow, max-snippet:-1, max-image-preview:large, max-video-preview:-1\" \/>\n<link rel=\"canonical\" href=\"https:\/\/www.artizsoler.com\/es\/devolucion-de-cantidades-pagadas-en-exceso-en-hipotecas-con-clausula-suelo-irph-o-gastos\/\" \/>\n<meta property=\"og:locale\" content=\"es_ES\" \/>\n<meta property=\"og:type\" content=\"article\" \/>\n<meta property=\"og:title\" content=\"DEVOLUCI\u00d3N DE CANTIDADES PAGADAS EN EXCESO EN HIPOTECAS CON CL\u00c1USULA SUELO, IRPH O GASTOS\" \/>\n<meta property=\"og:description\" content=\"[vc_row css=\u00bb.vc_custom_1494582877256{margin-right: 0px !important;margin-bottom: 0px !important;margin-left: 0px !important;padding-right: 0px !important;padding-bottom: 0px !important;padding-left: 0px !important;background-color: #ffffff !important;background-position: center !important;background-repeat: no-repeat !important;background-size: contain !important;}\u00bb][vc_column css=\u00bb.vc_custom_1494582185869{margin-top: 0px !important;margin-bottom: 0px !important;padding-top: 0px !important;padding-bottom: 0px !important;}\u00bb][vc_single_image image=\u00bb660&#8243; img_size=\u00bbfull\u00bb alignment=\u00bbcenter\u00bb css=\u00bb.vc_custom_1585562322533{margin-top: 0px !important;margin-bottom: 0px !important;padding-top: 0px !important;padding-bottom: 0px !important;}\u00bb][vc_row_inner css=\u00bb.vc_custom_1494583413406{margin-bottom: 0px !important;padding-bottom: 0px !important;}\u00bb][vc_column_inner width=\u00bb1\/4&#8243;][\/vc_column_inner][vc_column_inner width=\u00bb1\/2&#8243; css=\u00bb.vc_custom_1494582937220{margin-top: 60px !important;margin-bottom: 0px !important;padding-bottom: 0px !important;}\u00bb][\/vc_column_inner][vc_column_inner width=\u00bb1\/4&#8243;][\/vc_column_inner][\/vc_row_inner][\/vc_column][\/vc_row][vc_row css=\u00bb.vc_custom_1494582862295{margin-top: 0px !important;margin-right: 0px !important;margin-left: 0px !important;padding-top: 0px !important;padding-right: 0px !important;padding-left: 0px !important;background-color: #ffffff !important;background-position: center !important;background-repeat: no-repeat !important;background-size: contain !important;}\u00bb][vc_column width=\u00bb1\/6&#8243;][\/vc_column][vc_column width=\u00bb2\/3&#8243;][vc_separator color=\u00bbblack\u00bb][vc_row_inner][vc_column_inner][vc_column_text]Si ha adquirido Vd. una vivienda con un pr\u00e9stamo hipotecario que contiene una cl\u00e1usula suelo con un tipo m\u00ednimo o referenciado al \u00edndice IRPF que el banco le ha convertido en un tipo fijo desde su desaparici\u00f3n o con la cl\u00e1usula de gastos (Notar\u00eda, Gestor\u00eda, Tasaci\u00f3n, Registro de la Propiedad) a su cago, tiene derecho a la devoluci\u00f3n de las cantidades pagadas en exceso o indebidamente. Expl\u00edquenos su caso y le asesoraremos. [\/vc_column_text][\/vc_column_inner][\/vc_row_inner][vc_separator color=\u00bbblack\u00bb border_width=\u00bb4&#8243;][vc_single_image image=\u00bb250&#8243; img_size=\u00bbfull\u00bb alignment=\u00bbcenter\u00bb css=\u00bb.vc_custom_1568372427170{margin-top: 25px !important;margin-bottom: 0px !important;padding-bottom: 0px !important;}\u00bb][\/vc_column][vc_column width=\u00bb1\/6&#8243;][\/vc_column][\/vc_row][vc_row css=\u00bb.vc_custom_1494582877256{margin-right: 0px !important;margin-bottom: 0px !important;margin-left: 0px !important;padding-right: 0px !important;padding-bottom: 0px !important;padding-left: 0px !important;background-color: #ffffff !important;background-position: center !important;background-repeat: no-repeat !important;background-size: contain !important;}\u00bb][vc_column css=\u00bb.vc_custom_1494582185869{margin-top: 0px !important;margin-bottom: 0px !important;padding-top: 0px !important;padding-bottom: 0px !important;}\u00bb][vc_row_inner css=\u00bb.vc_custom_1494585195823{margin-bottom: 0px !important;padding-bottom: 0px !important;background-color: #1b2d3e !important;background-position: center !important;background-repeat: no-repeat !important;background-size: contain !important;}\u00bb][vc_column_inner][\/vc_column_inner][\/vc_row_inner][vc_row_inner][vc_column_inner][\/vc_column_inner][\/vc_row_inner][\/vc_column][\/vc_row]\" \/>\n<meta property=\"og:url\" content=\"https:\/\/www.artizsoler.com\/es\/devolucion-de-cantidades-pagadas-en-exceso-en-hipotecas-con-clausula-suelo-irph-o-gastos\/\" \/>\n<meta property=\"og:site_name\" content=\"Artiz &amp; Soler, Advocats\" \/>\n<meta property=\"article:modified_time\" content=\"2020-03-30T10:01:48+00:00\" \/>\n<meta name=\"twitter:card\" content=\"summary_large_image\" \/>\n<meta name=\"twitter:label1\" content=\"Tiempo de lectura\" \/>\n\t<meta name=\"twitter:data1\" content=\"3 minutos\" \/>\n<script type=\"application\/ld+json\" class=\"yoast-schema-graph\">{\"@context\":\"https:\/\/schema.org\",\"@graph\":[{\"@type\":\"WebPage\",\"@id\":\"https:\/\/www.artizsoler.com\/es\/devolucion-de-cantidades-pagadas-en-exceso-en-hipotecas-con-clausula-suelo-irph-o-gastos\/\",\"url\":\"https:\/\/www.artizsoler.com\/es\/devolucion-de-cantidades-pagadas-en-exceso-en-hipotecas-con-clausula-suelo-irph-o-gastos\/\",\"name\":\"DEVOLUCI\u00d3N DE CANTIDADES PAGADAS EN EXCESO EN HIPOTECAS CON CL\u00c1USULA SUELO, IRPH O GASTOS - Artiz & Soler, Advocats\",\"isPartOf\":{\"@id\":\"https:\/\/www.artizsoler.com\/es\/#website\"},\"datePublished\":\"2020-03-30T10:01:47+00:00\",\"dateModified\":\"2020-03-30T10:01:48+00:00\",\"breadcrumb\":{\"@id\":\"https:\/\/www.artizsoler.com\/es\/devolucion-de-cantidades-pagadas-en-exceso-en-hipotecas-con-clausula-suelo-irph-o-gastos\/#breadcrumb\"},\"inLanguage\":\"es\",\"potentialAction\":[{\"@type\":\"ReadAction\",\"target\":[\"https:\/\/www.artizsoler.com\/es\/devolucion-de-cantidades-pagadas-en-exceso-en-hipotecas-con-clausula-suelo-irph-o-gastos\/\"]}]},{\"@type\":\"BreadcrumbList\",\"@id\":\"https:\/\/www.artizsoler.com\/es\/devolucion-de-cantidades-pagadas-en-exceso-en-hipotecas-con-clausula-suelo-irph-o-gastos\/#breadcrumb\",\"itemListElement\":[{\"@type\":\"ListItem\",\"position\":1,\"name\":\"Portada\",\"item\":\"https:\/\/www.artizsoler.com\/es\/\"},{\"@type\":\"ListItem\",\"position\":2,\"name\":\"DEVOLUCI\u00d3N DE CANTIDADES PAGADAS EN EXCESO EN HIPOTECAS CON CL\u00c1USULA SUELO, IRPH O GASTOS\"}]},{\"@type\":\"WebSite\",\"@id\":\"https:\/\/www.artizsoler.com\/es\/#website\",\"url\":\"https:\/\/www.artizsoler.com\/es\/\",\"name\":\"Artiz & Soler, Advocats\",\"description\":\"Especializados en derecho civil, mercantil, penal econ\u00f3mico, laboral, derecho administrativo, urban\u00edstico y tributario.\",\"potentialAction\":[{\"@type\":\"SearchAction\",\"target\":{\"@type\":\"EntryPoint\",\"urlTemplate\":\"https:\/\/www.artizsoler.com\/es\/?s={search_term_string}\"},\"query-input\":{\"@type\":\"PropertyValueSpecification\",\"valueRequired\":true,\"valueName\":\"search_term_string\"}}],\"inLanguage\":\"es\"}]}<\/script>\n<!-- \/ Yoast SEO Premium plugin. -->","yoast_head_json":{"title":"DEVOLUCI\u00d3N DE CANTIDADES PAGADAS EN EXCESO EN HIPOTECAS CON CL\u00c1USULA SUELO, IRPH O GASTOS - Artiz & Soler, Advocats","robots":{"index":"index","follow":"follow","max-snippet":"max-snippet:-1","max-image-preview":"max-image-preview:large","max-video-preview":"max-video-preview:-1"},"canonical":"https:\/\/www.artizsoler.com\/es\/devolucion-de-cantidades-pagadas-en-exceso-en-hipotecas-con-clausula-suelo-irph-o-gastos\/","og_locale":"es_ES","og_type":"article","og_title":"DEVOLUCI\u00d3N DE CANTIDADES PAGADAS EN EXCESO EN HIPOTECAS CON CL\u00c1USULA SUELO, IRPH O GASTOS","og_description":"[vc_row css=\u00bb.vc_custom_1494582877256{margin-right: 0px !important;margin-bottom: 0px !important;margin-left: 0px !important;padding-right: 0px !important;padding-bottom: 0px !important;padding-left: 0px !important;background-color: #ffffff !important;background-position: center !important;background-repeat: no-repeat !important;background-size: contain !important;}\u00bb][vc_column css=\u00bb.vc_custom_1494582185869{margin-top: 0px !important;margin-bottom: 0px !important;padding-top: 0px !important;padding-bottom: 0px !important;}\u00bb][vc_single_image image=\u00bb660&#8243; img_size=\u00bbfull\u00bb alignment=\u00bbcenter\u00bb css=\u00bb.vc_custom_1585562322533{margin-top: 0px !important;margin-bottom: 0px !important;padding-top: 0px !important;padding-bottom: 0px !important;}\u00bb][vc_row_inner css=\u00bb.vc_custom_1494583413406{margin-bottom: 0px !important;padding-bottom: 0px !important;}\u00bb][vc_column_inner width=\u00bb1\/4&#8243;][\/vc_column_inner][vc_column_inner width=\u00bb1\/2&#8243; css=\u00bb.vc_custom_1494582937220{margin-top: 60px !important;margin-bottom: 0px !important;padding-bottom: 0px !important;}\u00bb][\/vc_column_inner][vc_column_inner width=\u00bb1\/4&#8243;][\/vc_column_inner][\/vc_row_inner][\/vc_column][\/vc_row][vc_row css=\u00bb.vc_custom_1494582862295{margin-top: 0px !important;margin-right: 0px !important;margin-left: 0px !important;padding-top: 0px !important;padding-right: 0px !important;padding-left: 0px !important;background-color: #ffffff !important;background-position: center !important;background-repeat: no-repeat !important;background-size: contain !important;}\u00bb][vc_column width=\u00bb1\/6&#8243;][\/vc_column][vc_column width=\u00bb2\/3&#8243;][vc_separator color=\u00bbblack\u00bb][vc_row_inner][vc_column_inner][vc_column_text]Si ha adquirido Vd. una vivienda con un pr\u00e9stamo hipotecario que contiene una cl\u00e1usula suelo con un tipo m\u00ednimo o referenciado al \u00edndice IRPF que el banco le ha convertido en un tipo fijo desde su desaparici\u00f3n o con la cl\u00e1usula de gastos (Notar\u00eda, Gestor\u00eda, Tasaci\u00f3n, Registro de la Propiedad) a su cago, tiene derecho a la devoluci\u00f3n de las cantidades pagadas en exceso o indebidamente. Expl\u00edquenos su caso y le asesoraremos. [\/vc_column_text][\/vc_column_inner][\/vc_row_inner][vc_separator color=\u00bbblack\u00bb border_width=\u00bb4&#8243;][vc_single_image image=\u00bb250&#8243; img_size=\u00bbfull\u00bb alignment=\u00bbcenter\u00bb css=\u00bb.vc_custom_1568372427170{margin-top: 25px !important;margin-bottom: 0px !important;padding-bottom: 0px !important;}\u00bb][\/vc_column][vc_column width=\u00bb1\/6&#8243;][\/vc_column][\/vc_row][vc_row css=\u00bb.vc_custom_1494582877256{margin-right: 0px !important;margin-bottom: 0px !important;margin-left: 0px !important;padding-right: 0px !important;padding-bottom: 0px !important;padding-left: 0px !important;background-color: #ffffff !important;background-position: center !important;background-repeat: no-repeat !important;background-size: contain !important;}\u00bb][vc_column css=\u00bb.vc_custom_1494582185869{margin-top: 0px !important;margin-bottom: 0px !important;padding-top: 0px !important;padding-bottom: 0px !important;}\u00bb][vc_row_inner css=\u00bb.vc_custom_1494585195823{margin-bottom: 0px !important;padding-bottom: 0px !important;background-color: #1b2d3e !important;background-position: center !important;background-repeat: no-repeat !important;background-size: contain !important;}\u00bb][vc_column_inner][\/vc_column_inner][\/vc_row_inner][vc_row_inner][vc_column_inner][\/vc_column_inner][\/vc_row_inner][\/vc_column][\/vc_row]","og_url":"https:\/\/www.artizsoler.com\/es\/devolucion-de-cantidades-pagadas-en-exceso-en-hipotecas-con-clausula-suelo-irph-o-gastos\/","og_site_name":"Artiz & Soler, Advocats","article_modified_time":"2020-03-30T10:01:48+00:00","twitter_card":"summary_large_image","twitter_misc":{"Tiempo de lectura":"3 minutos"},"schema":{"@context":"https:\/\/schema.org","@graph":[{"@type":"WebPage","@id":"https:\/\/www.artizsoler.com\/es\/devolucion-de-cantidades-pagadas-en-exceso-en-hipotecas-con-clausula-suelo-irph-o-gastos\/","url":"https:\/\/www.artizsoler.com\/es\/devolucion-de-cantidades-pagadas-en-exceso-en-hipotecas-con-clausula-suelo-irph-o-gastos\/","name":"DEVOLUCI\u00d3N DE CANTIDADES PAGADAS EN EXCESO EN HIPOTECAS CON CL\u00c1USULA SUELO, IRPH O GASTOS - Artiz & Soler, Advocats","isPartOf":{"@id":"https:\/\/www.artizsoler.com\/es\/#website"},"datePublished":"2020-03-30T10:01:47+00:00","dateModified":"2020-03-30T10:01:48+00:00","breadcrumb":{"@id":"https:\/\/www.artizsoler.com\/es\/devolucion-de-cantidades-pagadas-en-exceso-en-hipotecas-con-clausula-suelo-irph-o-gastos\/#breadcrumb"},"inLanguage":"es","potentialAction":[{"@type":"ReadAction","target":["https:\/\/www.artizsoler.com\/es\/devolucion-de-cantidades-pagadas-en-exceso-en-hipotecas-con-clausula-suelo-irph-o-gastos\/"]}]},{"@type":"BreadcrumbList","@id":"https:\/\/www.artizsoler.com\/es\/devolucion-de-cantidades-pagadas-en-exceso-en-hipotecas-con-clausula-suelo-irph-o-gastos\/#breadcrumb","itemListElement":[{"@type":"ListItem","position":1,"name":"Portada","item":"https:\/\/www.artizsoler.com\/es\/"},{"@type":"ListItem","position":2,"name":"DEVOLUCI\u00d3N DE CANTIDADES PAGADAS EN EXCESO EN HIPOTECAS CON CL\u00c1USULA SUELO, IRPH O GASTOS"}]},{"@type":"WebSite","@id":"https:\/\/www.artizsoler.com\/es\/#website","url":"https:\/\/www.artizsoler.com\/es\/","name":"Artiz & Soler, Advocats","description":"Especializados en derecho civil, mercantil, penal econ\u00f3mico, laboral, derecho administrativo, urban\u00edstico y tributario.","potentialAction":[{"@type":"SearchAction","target":{"@type":"EntryPoint","urlTemplate":"https:\/\/www.artizsoler.com\/es\/?s={search_term_string}"},"query-input":{"@type":"PropertyValueSpecification","valueRequired":true,"valueName":"search_term_string"}}],"inLanguage":"es"}]}},"_links":{"self":[{"href":"https:\/\/www.artizsoler.com\/es\/wp-json\/wp\/v2\/pages\/663","targetHints":{"allow":["GET"]}}],"collection":[{"href":"https:\/\/www.artizsoler.com\/es\/wp-json\/wp\/v2\/pages"}],"about":[{"href":"https:\/\/www.artizsoler.com\/es\/wp-json\/wp\/v2\/types\/page"}],"author":[{"embeddable":true,"href":"https:\/\/www.artizsoler.com\/es\/wp-json\/wp\/v2\/users\/1"}],"replies":[{"embeddable":true,"href":"https:\/\/www.artizsoler.com\/es\/wp-json\/wp\/v2\/comments?post=663"}],"version-history":[{"count":0,"href":"https:\/\/www.artizsoler.com\/es\/wp-json\/wp\/v2\/pages\/663\/revisions"}],"wp:attachment":[{"href":"https:\/\/www.artizsoler.com\/es\/wp-json\/wp\/v2\/media?parent=663"}],"curies":[{"name":"wp","href":"https:\/\/api.w.org\/{rel}","templated":true}]}}