{"id":428,"date":"2017-06-29T11:21:07","date_gmt":"2017-06-29T11:21:07","guid":{"rendered":"http:\/\/www.artizsoler.com\/?page_id=428\/"},"modified":"2019-09-17T11:22:21","modified_gmt":"2019-09-17T11:22:21","slug":"associes","status":"publish","type":"page","link":"https:\/\/www.artizsoler.com\/fr\/associes\/","title":{"rendered":"ASSOCI\u00c9S"},"content":{"rendered":"<div class=\"wpb-content-wrapper\">[vc_row css=\u00a0\u00bb.vc_custom_1494582877256{margin-right: 0px !important;margin-bottom: 0px !important;margin-left: 0px !important;padding-right: 0px !important;padding-bottom: 0px !important;padding-left: 0px !important;background-color: #ffffff !important;background-position: center !important;background-repeat: no-repeat !important;background-size: contain !important;}\u00a0\u00bb][vc_column css=\u00a0\u00bb.vc_custom_1494582185869{margin-top: 0px !important;margin-bottom: 0px !important;padding-top: 0px !important;padding-bottom: 0px !important;}\u00a0\u00bb][vc_single_image image=\u00a0\u00bb505&Prime; img_size=\u00a0\u00bbfull\u00a0\u00bb alignment=\u00a0\u00bbcenter\u00a0\u00bb css=\u00a0\u00bb.vc_custom_1506583720721{margin-top: 0px !important;margin-bottom: 0px !important;padding-top: 0px !important;padding-bottom: 0px !important;}\u00a0\u00bb][vc_row_inner css=\u00a0\u00bb.vc_custom_1494583413406{margin-bottom: 0px !important;padding-bottom: 0px !important;}\u00a0\u00bb][vc_column_inner width=\u00a0\u00bb1\/6&Prime;][\/vc_column_inner][vc_column_inner width=\u00a0\u00bb2\/3&Prime; css=\u00a0\u00bb.vc_custom_1494582937220{margin-top: 60px !important;margin-bottom: 0px !important;padding-bottom: 0px !important;}\u00a0\u00bb][vc_separator color=\u00a0\u00bbblack\u00a0\u00bb css=\u00a0\u00bb.vc_custom_1494588173043{margin-bottom: 6px !important;padding-bottom: 0px !important;}\u00a0\u00bb]<div id=\"ultimate-heading-870369e081876cc85\" class=\"uvc-heading ult-adjust-bottom-margin ultimate-heading-870369e081876cc85 uvc-602 \" data-hspacer=\"no_spacer\"  data-halign=\"center\" style=\"text-align:center\"><div class=\"uvc-heading-spacer no_spacer\" style=\"top\"><\/div><div class=\"uvc-main-heading ult-responsive\"  data-ultimate-target='.uvc-heading.ultimate-heading-870369e081876cc85 h2'  data-responsive-json-new='{\"font-size\":\"desktop:22px;\",\"line-height\":\"\"}' ><h2 style=\"font-family:&#039;Cormorant Garamond&#039;;font-weight:700;color:#0a0a0a;margin-top:0px;margin-bottom:0px;\">A S S O C I \u00c9 S<\/h2><\/div><\/div>[vc_separator color=\u00a0\u00bbblack\u00a0\u00bb css=\u00a0\u00bb.vc_custom_1494588180715{margin-top: 4px !important;}\u00a0\u00bb][\/vc_column_inner][vc_column_inner width=\u00a0\u00bb1\/6&Prime;][\/vc_column_inner][\/vc_row_inner][\/vc_column][\/vc_row][vc_row equal_height=\u00a0\u00bbyes\u00a0\u00bb css=\u00a0\u00bb.vc_custom_1494588432789{margin-top: 0px !important;margin-right: 0px !important;margin-left: 0px !important;padding-top: 0px !important;padding-right: 0px !important;padding-left: 0px !important;background-color: #ffffff !important;background-position: center !important;background-repeat: no-repeat !important;background-size: contain !important;}\u00a0\u00bb][vc_column width=\u00a0\u00bb1\/6&Prime;][\/vc_column][vc_column width=\u00a0\u00bb2\/3&Prime; css=\u00a0\u00bb.vc_custom_1494588502746{margin-top: 0px !important;padding-top: 0px !important;}\u00a0\u00bb][vc_row_inner css=\u00a0\u00bb.vc_custom_1494588509321{margin-top: 0px !important;padding-top: 0px !important;}\u00a0\u00bb][vc_column_inner width=\u00a0\u00bb1\/2&Prime; css=\u00a0\u00bb.vc_custom_1494834819691{margin-bottom: 45px !important;}\u00a0\u00bb][vc_separator color=\u00a0\u00bbblack\u00a0\u00bb border_width=\u00a0\u00bb4&Prime; css=\u00a0\u00bb.vc_custom_1494588652263{margin-bottom: 11px !important;padding-bottom: 0px !important;}\u00a0\u00bb]<div id=\"ultimate-heading-424669e081876cd45\" class=\"uvc-heading ult-adjust-bottom-margin ultimate-heading-424669e081876cd45 uvc-1116 \" data-hspacer=\"no_spacer\"  data-halign=\"left\" style=\"text-align:left\"><div class=\"uvc-heading-spacer no_spacer\" style=\"top\"><\/div><div class=\"uvc-main-heading ult-responsive\"  data-ultimate-target='.uvc-heading.ultimate-heading-424669e081876cd45 h2'  data-responsive-json-new='{\"font-size\":\"desktop:19px;\",\"line-height\":\"\"}' ><h2 style=\"font-weight:bold;color:#0a0a0a;margin-top:0px;margin-bottom:9px;\">Jos\u00e9 Artiz Peraferrer<\/h2><\/div><div class=\"uvc-sub-heading ult-responsive\"  data-ultimate-target='.uvc-heading.ultimate-heading-424669e081876cd45 .uvc-sub-heading '  data-responsive-json-new='{\"font-size\":\"desktop:14px;\",\"line-height\":\"\"}'  style=\"font-weight:normal;margin-bottom:8px;\">Inscrit au Barreau des avocats de G\u00e9rone (ICAG) sous le num\u00e9ro 992.<\/div><\/div>[vc_single_image image=\u00a0\u00bb495&Prime; img_size=\u00a0\u00bbfull\u00a0\u00bb alignment=\u00a0\u00bbcenter\u00a0\u00bb][vc_column_text el_class=\u00a0\u00bbjosepartiz\u00a0\u00bb]Avocat en exercice depuis 1985.<\/p>\n<p>Titulaire d\u2019une ma\u00eetrise en Droit de l\u2019Universit\u00e9 de Barcelone (UB).<\/p>\n<p>Sp\u00e9cialis\u00e9 en droit administratif, en droit fiscal et de l\u2019urbanisme, ainsi qu\u2019en droit commercial et des entreprises en difficult\u00e9.<\/p>\n<p>Administrateur judiciaire.<\/p>\n<p>Arbitre pr\u00e8s le Tribunal arbitral de G\u00e9rone.[\/vc_column_text][vc_separator color=\u00a0\u00bbblack\u00a0\u00bb]<div class=\" vc_custom_1507879771758 ubtn-ctn-center \"><a class=\"ubtn-link ult-adjust-bottom-margin ubtn-center ubtn-custom \" href=\"mailto:artiz@artizsoler.com\" ><button type=\"button\" id=\"ubtn-6743\"  class=\"ubtn ult-adjust-bottom-margin ult-responsive ubtn-custom ubtn-no-hover-bg  none  ubtn-sep-icon ubtn-sep-icon-left  ubtn-center   tooltip-69e081876cdd0\"  data-hover=\"\" data-border-color=\"\" data-bg=\"#1b2d3e\" data-hover-bg=\"#2a4963\" data-border-hover=\"\" data-shadow-hover=\"\" data-shadow-click=\"none\" data-shadow=\"\" data-shd-shadow=\"\"  data-ultimate-target='#ubtn-6743'  data-responsive-json-new='{\"font-size\":\"desktop:15px;\",\"line-height\":\"\"}'  style=\"font-weight:normal;width:205px;min-height:40px;padding:px 0px;border:none;background: #1b2d3e;color: #ffffff;\"><span class=\"ubtn-data ubtn-icon\"><i class=\"Defaults-envelope\" style=\"font-size:20px;color:#ffffff;\"><\/i><\/span><span class=\"ubtn-hover\" style=\"background-color:#2a4963\"><\/span><span class=\"ubtn-data ubtn-text \" >artiz@artizsoler.com<\/span><\/button><\/a><\/div>[vc_separator color=\u00a0\u00bbblack\u00a0\u00bb border_width=\u00a0\u00bb4&Prime; css=\u00a0\u00bb.vc_custom_1494588652263{margin-bottom: 11px !important;padding-bottom: 0px !important;}\u00a0\u00bb][\/vc_column_inner][vc_column_inner width=\u00a0\u00bb1\/2&Prime;][vc_separator color=\u00a0\u00bbblack\u00a0\u00bb border_width=\u00a0\u00bb4&Prime; css=\u00a0\u00bb.vc_custom_1494588652263{margin-bottom: 11px !important;padding-bottom: 0px !important;}\u00a0\u00bb]<div id=\"ultimate-heading-76069e081876ceeb\" class=\"uvc-heading ult-adjust-bottom-margin ultimate-heading-76069e081876ceeb uvc-3045 \" data-hspacer=\"no_spacer\"  data-halign=\"left\" style=\"text-align:left\"><div class=\"uvc-heading-spacer no_spacer\" style=\"top\"><\/div><div class=\"uvc-main-heading ult-responsive\"  data-ultimate-target='.uvc-heading.ultimate-heading-76069e081876ceeb h2'  data-responsive-json-new='{\"font-size\":\"desktop:19px;\",\"line-height\":\"\"}' ><h2 style=\"font-weight:bold;color:#0a0a0a;margin-top:0px;margin-bottom:9px;\">Santiago Soler Colom\u00e9<\/h2><\/div><div class=\"uvc-sub-heading ult-responsive\"  data-ultimate-target='.uvc-heading.ultimate-heading-76069e081876ceeb .uvc-sub-heading '  data-responsive-json-new='{\"font-size\":\"desktop:14px;\",\"line-height\":\"\"}'  style=\"font-weight:normal;margin-bottom:8px;\">Inscrit au Barreau des avocats de G\u00e9rone (ICAG) sous le num\u00e9ro 849<\/div><\/div>[vc_single_image image=\u00a0\u00bb472&Prime; img_size=\u00a0\u00bbfull\u00a0\u00bb alignment=\u00a0\u00bbcenter\u00a0\u00bb][vc_column_text]Avocat en exercice depuis 1984.<\/p>\n<p>Titulaire d\u2019une ma\u00eetrise en Droit de l\u2019Universit\u00e9 de Barcelone (UB). Promotion 1977-1982.<\/p>\n<p>Sp\u00e9cialis\u00e9 en droit civil, commercial, des entreprises en difficult\u00e9 et en droit p\u00e9nal des affaires.<\/p>\n<p>Master en droit des entreprises en difficult\u00e9.<\/p>\n<p>Administrateur judiciaire.<\/p>\n<p>Arbitre pr\u00e8s le Tribunal arbitral de G\u00e9rone. Agr\u00e9\u00e9 par le Conseil des barreaux catalans pour l\u2019exercice de la profession aupr\u00e8s de la Juridiction des mineurs et par le Tribunal eccl\u00e9siastique de G\u00e9rone pour l\u2019exercice du droit matrimonial canonique.<\/p>\n<p>D\u00e9put\u00e9 au Conseil de l\u2019Ordre du barreau des avocats de G\u00e9rone depuis juillet 2010.[\/vc_column_text][vc_separator color=\u00a0\u00bbblack\u00a0\u00bb]<div class=\" vc_custom_1507879797107 ubtn-ctn-center \"><a class=\"ubtn-link ult-adjust-bottom-margin ubtn-center ubtn-custom \" href=\"mailto:santisoler@artizsoler.com\" ><button type=\"button\" id=\"ubtn-2660\"  class=\"ubtn ult-adjust-bottom-margin ult-responsive ubtn-custom ubtn-no-hover-bg  none  ubtn-sep-icon ubtn-sep-icon-left  ubtn-center   tooltip-69e081876cf5f\"  data-hover=\"\" data-border-color=\"\" data-bg=\"#1b2d3e\" data-hover-bg=\"#2a4963\" data-border-hover=\"\" data-shadow-hover=\"\" data-shadow-click=\"none\" data-shadow=\"\" data-shd-shadow=\"\"  data-ultimate-target='#ubtn-2660'  data-responsive-json-new='{\"font-size\":\"desktop:15px;\",\"line-height\":\"\"}'  style=\"font-weight:normal;width:205px;min-height:40px;padding:px 0px;border:none;background: #1b2d3e;color: #ffffff;\"><span class=\"ubtn-data ubtn-icon\"><i class=\"Defaults-envelope\" style=\"font-size:20px;color:#ffffff;\"><\/i><\/span><span class=\"ubtn-hover\" style=\"background-color:#2a4963\"><\/span><span class=\"ubtn-data ubtn-text \" >santisoler@artizsoler.com<\/span><\/button><\/a><\/div>[vc_separator color=\u00a0\u00bbblack\u00a0\u00bb border_width=\u00a0\u00bb4&Prime; css=\u00a0\u00bb.vc_custom_1494588652263{margin-bottom: 11px !important;padding-bottom: 0px !important;}\u00a0\u00bb][\/vc_column_inner][\/vc_row_inner][\/vc_column][vc_column width=\u00a0\u00bb1\/6&Prime;][\/vc_column][\/vc_row]\n<\/div>","protected":false},"excerpt":{"rendered":"<p>[vc_row css=\u00a0\u00bb.vc_custom_1494582877256{margin-right: 0px !important;margin-bottom: 0px !important;margin-left: 0px !important;padding-right: 0px !important;padding-bottom: 0px !important;padding-left: 0px !important;background-color: #ffffff !important;background-position: center !important;background-repeat: no-repeat !important;background-size: contain !important;}\u00a0\u00bb][vc_column css=\u00a0\u00bb.vc_custom_1494582185869{margin-top: 0px !important;margin-bottom: 0px !important;padding-top: 0px !important;padding-bottom: 0px !important;}\u00a0\u00bb][vc_single_image image=\u00a0\u00bb505&Prime; img_size=\u00a0\u00bbfull\u00a0\u00bb alignment=\u00a0\u00bbcenter\u00a0\u00bb css=\u00a0\u00bb.vc_custom_1506583720721{margin-top: 0px !important;margin-bottom: 0px !important;padding-top: 0px !important;padding-bottom: 0px !important;}\u00a0\u00bb][vc_row_inner css=\u00a0\u00bb.vc_custom_1494583413406{margin-bottom: 0px !important;padding-bottom: 0px !important;}\u00a0\u00bb][vc_column_inner width=\u00a0\u00bb1\/6&Prime;][\/vc_column_inner][vc_column_inner width=\u00a0\u00bb2\/3&Prime; css=\u00a0\u00bb.vc_custom_1494582937220{margin-top: 60px !important;margin-bottom: 0px !important;padding-bottom: 0px !important;}\u00a0\u00bb][vc_separator color=\u00a0\u00bbblack\u00a0\u00bb css=\u00a0\u00bb.vc_custom_1494588173043{margin-bottom: 6px !important;padding-bottom: 0px !important;}\u00a0\u00bb][vc_separator color=\u00a0\u00bbblack\u00a0\u00bb css=\u00a0\u00bb.vc_custom_1494588180715{margin-top: 4px !important;}\u00a0\u00bb][\/vc_column_inner][vc_column_inner width=\u00a0\u00bb1\/6&Prime;][\/vc_column_inner][\/vc_row_inner][\/vc_column][\/vc_row][vc_row equal_height=\u00a0\u00bbyes\u00a0\u00bb css=\u00a0\u00bb.vc_custom_1494588432789{margin-top: 0px !important;margin-right: 0px !important;margin-left: 0px !important;padding-top: 0px !important;padding-right: 0px !important;padding-left: 0px !important;background-color: #ffffff !important;background-position: center !important;background-repeat: no-repeat !important;background-size: contain !important;}\u00a0\u00bb][vc_column width=\u00a0\u00bb1\/6&Prime;][\/vc_column][vc_column width=\u00a0\u00bb2\/3&Prime; css=\u00a0\u00bb.vc_custom_1494588502746{margin-top: 0px !important;padding-top: 0px !important;}\u00a0\u00bb][vc_row_inner css=\u00a0\u00bb.vc_custom_1494588509321{margin-top: 0px !important;padding-top: 0px !important;}\u00a0\u00bb][vc_column_inner width=\u00a0\u00bb1\/2&Prime; css=\u00a0\u00bb.vc_custom_1494834819691{margin-bottom: 45px !important;}\u00a0\u00bb][vc_separator color=\u00a0\u00bbblack\u00a0\u00bb border_width=\u00a0\u00bb4&Prime; css=\u00a0\u00bb.vc_custom_1494588652263{margin-bottom: 11px !important;padding-bottom: 0px !important;}\u00a0\u00bb][vc_single_image image=\u00a0\u00bb495&Prime; img_size=\u00a0\u00bbfull\u00a0\u00bb alignment=\u00a0\u00bbcenter\u00a0\u00bb][vc_column_text el_class=\u00a0\u00bbjosepartiz\u00a0\u00bb]Avocat en exercice depuis 1985. Titulaire d\u2019une ma\u00eetrise en Droit de l\u2019Universit\u00e9 de Barcelone (UB). Sp\u00e9cialis\u00e9 en droit administratif, en droit fiscal et de l\u2019urbanisme, ainsi qu\u2019en droit commercial et des entreprises en difficult\u00e9. Administrateur judiciaire. Arbitre pr\u00e8s le Tribunal arbitral de G\u00e9rone.[\/vc_column_text][vc_separator color=\u00a0\u00bbblack\u00a0\u00bb][vc_separator color=\u00a0\u00bbblack\u00a0\u00bb border_width=\u00a0\u00bb4&Prime; css=\u00a0\u00bb.vc_custom_1494588652263{margin-bottom: 11px !important;padding-bottom: 0px !important;}\u00a0\u00bb][\/vc_column_inner][vc_column_inner width=\u00a0\u00bb1\/2&Prime;][vc_separator color=\u00a0\u00bbblack\u00a0\u00bb border_width=\u00a0\u00bb4&Prime; css=\u00a0\u00bb.vc_custom_1494588652263{margin-bottom: 11px !important;padding-bottom: 0px !important;}\u00a0\u00bb][vc_single_image image=\u00a0\u00bb472&Prime; img_size=\u00a0\u00bbfull\u00a0\u00bb alignment=\u00a0\u00bbcenter\u00a0\u00bb][vc_column_text]Avocat en exercice depuis 1984. Titulaire d\u2019une ma\u00eetrise en Droit de l\u2019Universit\u00e9 de Barcelone (UB). Promotion 1977-1982. Sp\u00e9cialis\u00e9 en droit civil, commercial, des entreprises en difficult\u00e9 et en droit p\u00e9nal des affaires. Master en droit des entreprises en difficult\u00e9. Administrateur judiciaire. Arbitre pr\u00e8s le Tribunal arbitral de G\u00e9rone. Agr\u00e9\u00e9 par le Conseil des barreaux catalans pour l\u2019exercice de la profession aupr\u00e8s de la Juridiction des mineurs et par le Tribunal eccl\u00e9siastique de G\u00e9rone pour l\u2019exercice du droit matrimonial canonique. D\u00e9put\u00e9 au Conseil de l\u2019Ordre du barreau des avocats de G\u00e9rone depuis juillet 2010.[\/vc_column_text][vc_separator color=\u00a0\u00bbblack\u00a0\u00bb][vc_separator color=\u00a0\u00bbblack\u00a0\u00bb border_width=\u00a0\u00bb4&Prime; css=\u00a0\u00bb.vc_custom_1494588652263{margin-bottom: 11px !important;padding-bottom: 0px !important;}\u00a0\u00bb][\/vc_column_inner][\/vc_row_inner][\/vc_column][vc_column width=\u00a0\u00bb1\/6&Prime;][\/vc_column][\/vc_row]<\/p>\n","protected":false},"author":1,"featured_media":0,"parent":0,"menu_order":0,"comment_status":"closed","ping_status":"closed","template":"","meta":{"footnotes":""},"class_list":["post-428","page","type-page","status-publish","hentry","entry","post-inner"],"yoast_head":"<!-- This site is optimized with the Yoast SEO Premium plugin v24.7 (Yoast SEO v26.1.1) - https:\/\/yoast.com\/wordpress\/plugins\/seo\/ -->\n<title>ASSOCI\u00c9S \u00b7 ARTIZ &amp; SOLER, avocats<\/title>\n<meta name=\"description\" content=\"Dans cette section, vous trouverez des informations professionnelles sur les partenaires de l&#039;entreprise Josep Artiz Peraferrer et Santiago Soler Colom\u00e9.\" \/>\n<meta name=\"robots\" content=\"index, follow, max-snippet:-1, max-image-preview:large, max-video-preview:-1\" \/>\n<link rel=\"canonical\" href=\"https:\/\/www.artizsoler.com\/fr\/associes\/\" \/>\n<meta property=\"og:locale\" content=\"fr_FR\" \/>\n<meta property=\"og:type\" content=\"article\" \/>\n<meta property=\"og:title\" content=\"ASSOCI\u00c9S\" \/>\n<meta property=\"og:description\" content=\"Dans cette section, vous trouverez des informations professionnelles sur les partenaires de l&#039;entreprise Josep Artiz Peraferrer et Santiago Soler Colom\u00e9.\" \/>\n<meta property=\"og:url\" content=\"https:\/\/www.artizsoler.com\/fr\/associes\/\" \/>\n<meta property=\"og:site_name\" content=\"Artiz &amp; Soler, Advocats\" \/>\n<meta property=\"article:modified_time\" content=\"2019-09-17T11:22:21+00:00\" \/>\n<meta name=\"twitter:card\" content=\"summary_large_image\" \/>\n<meta name=\"twitter:label1\" content=\"Dur\u00e9e de lecture estim\u00e9e\" \/>\n\t<meta name=\"twitter:data1\" content=\"4 minutes\" \/>\n<script type=\"application\/ld+json\" class=\"yoast-schema-graph\">{\"@context\":\"https:\/\/schema.org\",\"@graph\":[{\"@type\":\"WebPage\",\"@id\":\"https:\/\/www.artizsoler.com\/fr\/associes\/\",\"url\":\"https:\/\/www.artizsoler.com\/fr\/associes\/\",\"name\":\"ASSOCI\u00c9S \u00b7 ARTIZ & SOLER, avocats\",\"isPartOf\":{\"@id\":\"https:\/\/www.artizsoler.com\/fr\/#website\"},\"datePublished\":\"2017-06-29T11:21:07+00:00\",\"dateModified\":\"2019-09-17T11:22:21+00:00\",\"description\":\"Dans cette section, vous trouverez des informations professionnelles sur les partenaires de l'entreprise Josep Artiz Peraferrer et Santiago Soler Colom\u00e9.\",\"breadcrumb\":{\"@id\":\"https:\/\/www.artizsoler.com\/fr\/associes\/#breadcrumb\"},\"inLanguage\":\"fr-FR\",\"potentialAction\":[{\"@type\":\"ReadAction\",\"target\":[\"https:\/\/www.artizsoler.com\/fr\/associes\/\"]}]},{\"@type\":\"BreadcrumbList\",\"@id\":\"https:\/\/www.artizsoler.com\/fr\/associes\/#breadcrumb\",\"itemListElement\":[{\"@type\":\"ListItem\",\"position\":1,\"name\":\"Accueil\",\"item\":\"https:\/\/www.artizsoler.com\/fr\/\"},{\"@type\":\"ListItem\",\"position\":2,\"name\":\"ASSOCI\u00c9S\"}]},{\"@type\":\"WebSite\",\"@id\":\"https:\/\/www.artizsoler.com\/fr\/#website\",\"url\":\"https:\/\/www.artizsoler.com\/fr\/\",\"name\":\"Artiz & Soler, Advocats\",\"description\":\"Advocats\",\"potentialAction\":[{\"@type\":\"SearchAction\",\"target\":{\"@type\":\"EntryPoint\",\"urlTemplate\":\"https:\/\/www.artizsoler.com\/fr\/?s={search_term_string}\"},\"query-input\":{\"@type\":\"PropertyValueSpecification\",\"valueRequired\":true,\"valueName\":\"search_term_string\"}}],\"inLanguage\":\"fr-FR\"}]}<\/script>\n<!-- \/ Yoast SEO Premium plugin. -->","yoast_head_json":{"title":"ASSOCI\u00c9S \u00b7 ARTIZ & SOLER, avocats","description":"Dans cette section, vous trouverez des informations professionnelles sur les partenaires de l'entreprise Josep Artiz Peraferrer et Santiago Soler Colom\u00e9.","robots":{"index":"index","follow":"follow","max-snippet":"max-snippet:-1","max-image-preview":"max-image-preview:large","max-video-preview":"max-video-preview:-1"},"canonical":"https:\/\/www.artizsoler.com\/fr\/associes\/","og_locale":"fr_FR","og_type":"article","og_title":"ASSOCI\u00c9S","og_description":"Dans cette section, vous trouverez des informations professionnelles sur les partenaires de l'entreprise Josep Artiz Peraferrer et Santiago Soler Colom\u00e9.","og_url":"https:\/\/www.artizsoler.com\/fr\/associes\/","og_site_name":"Artiz & Soler, Advocats","article_modified_time":"2019-09-17T11:22:21+00:00","twitter_card":"summary_large_image","twitter_misc":{"Dur\u00e9e de lecture estim\u00e9e":"4 minutes"},"schema":{"@context":"https:\/\/schema.org","@graph":[{"@type":"WebPage","@id":"https:\/\/www.artizsoler.com\/fr\/associes\/","url":"https:\/\/www.artizsoler.com\/fr\/associes\/","name":"ASSOCI\u00c9S \u00b7 ARTIZ & SOLER, avocats","isPartOf":{"@id":"https:\/\/www.artizsoler.com\/fr\/#website"},"datePublished":"2017-06-29T11:21:07+00:00","dateModified":"2019-09-17T11:22:21+00:00","description":"Dans cette section, vous trouverez des informations professionnelles sur les partenaires de l'entreprise Josep Artiz Peraferrer et Santiago Soler Colom\u00e9.","breadcrumb":{"@id":"https:\/\/www.artizsoler.com\/fr\/associes\/#breadcrumb"},"inLanguage":"fr-FR","potentialAction":[{"@type":"ReadAction","target":["https:\/\/www.artizsoler.com\/fr\/associes\/"]}]},{"@type":"BreadcrumbList","@id":"https:\/\/www.artizsoler.com\/fr\/associes\/#breadcrumb","itemListElement":[{"@type":"ListItem","position":1,"name":"Accueil","item":"https:\/\/www.artizsoler.com\/fr\/"},{"@type":"ListItem","position":2,"name":"ASSOCI\u00c9S"}]},{"@type":"WebSite","@id":"https:\/\/www.artizsoler.com\/fr\/#website","url":"https:\/\/www.artizsoler.com\/fr\/","name":"Artiz & Soler, Advocats","description":"Advocats","potentialAction":[{"@type":"SearchAction","target":{"@type":"EntryPoint","urlTemplate":"https:\/\/www.artizsoler.com\/fr\/?s={search_term_string}"},"query-input":{"@type":"PropertyValueSpecification","valueRequired":true,"valueName":"search_term_string"}}],"inLanguage":"fr-FR"}]}},"_links":{"self":[{"href":"https:\/\/www.artizsoler.com\/fr\/wp-json\/wp\/v2\/pages\/428","targetHints":{"allow":["GET"]}}],"collection":[{"href":"https:\/\/www.artizsoler.com\/fr\/wp-json\/wp\/v2\/pages"}],"about":[{"href":"https:\/\/www.artizsoler.com\/fr\/wp-json\/wp\/v2\/types\/page"}],"author":[{"embeddable":true,"href":"https:\/\/www.artizsoler.com\/fr\/wp-json\/wp\/v2\/users\/1"}],"replies":[{"embeddable":true,"href":"https:\/\/www.artizsoler.com\/fr\/wp-json\/wp\/v2\/comments?post=428"}],"version-history":[{"count":0,"href":"https:\/\/www.artizsoler.com\/fr\/wp-json\/wp\/v2\/pages\/428\/revisions"}],"wp:attachment":[{"href":"https:\/\/www.artizsoler.com\/fr\/wp-json\/wp\/v2\/media?parent=428"}],"curies":[{"name":"wp","href":"https:\/\/api.w.org\/{rel}","templated":true}]}}